{"id":1311,"date":"2023-02-05T19:50:38","date_gmt":"2023-02-05T18:50:38","guid":{"rendered":"https:\/\/junioracademy.fr\/?page_id=1311"},"modified":"2025-01-21T11:18:30","modified_gmt":"2025-01-21T10:18:30","slug":"1311-2","status":"publish","type":"page","link":"https:\/\/junioracademy.fr\/en\/1311-2\/","title":{"rendered":"See our prices"},"content":{"rendered":"<p>[et_pb_section fb_built=\u00a0\u00bb1&Prime; _builder_version=\u00a0\u00bb4.16&Prime; _module_preset=\u00a0\u00bbdefault\u00a0\u00bb global_colors_info=\u00a0\u00bb{}\u00a0\u00bb][et_pb_row _builder_version=\u00a0\u00bb4.16&Prime; _module_preset=\u00a0\u00bbdefault\u00a0\u00bb global_colors_info=\u00a0\u00bb{}\u00a0\u00bb][et_pb_column type=\u00a0\u00bb4_4&Prime; _builder_version=\u00a0\u00bb4.16&Prime; _module_preset=\u00a0\u00bbdefault\u00a0\u00bb global_colors_info=\u00a0\u00bb{}\u00a0\u00bb][et_pb_divider _builder_version=\u00a0\u00bb4.16&Prime; _module_preset=\u00a0\u00bbdefault\u00a0\u00bb global_colors_info=\u00a0\u00bb{}\u00a0\u00bb][\/et_pb_divider][\/et_pb_column][\/et_pb_row][\/et_pb_section][et_pb_section fb_built=\u00a0\u00bb1&Prime; _builder_version=\u00a0\u00bb4.16&Prime; _module_preset=\u00a0\u00bbdefault\u00a0\u00bb custom_margin=\u00a0\u00bb-38px|||||\u00a0\u00bb global_colors_info=\u00a0\u00bb{}\u00a0\u00bb][et_pb_row _builder_version=\u00a0\u00bb4.16&Prime; _module_preset=\u00a0\u00bbdefault\u00a0\u00bb global_colors_info=\u00a0\u00bb{}\u00a0\u00bb][et_pb_column type=\u00a0\u00bb4_4&Prime; _builder_version=\u00a0\u00bb4.16&Prime; _module_preset=\u00a0\u00bbdefault\u00a0\u00bb global_colors_info=\u00a0\u00bb{}\u00a0\u00bb][et_pb_text _builder_version=\u00a0\u00bb4.16&Prime; _module_preset=\u00a0\u00bbdefault\u00a0\u00bb global_colors_info=\u00a0\u00bb{}\u00a0\u00bb]<\/p>\n<div id=\"cc-m-6360012864\" class=\"j-module n j-text\">\n<h3 style=\"text-align: center;\"><span color=\"#273578\" style=\"color: #273578;\"><span style=\"font-size: 32px;\"><b>Nos tarifs 2025-2026<\/b><\/span><\/span><\/h3>\n<p><span color=\"#273578\" style=\"color: #273578;\"><\/span><\/p>\n<div id=\"cc-m-6360012864\" class=\"j-module n j-text\">\n<p><span style=\"font-size: x-large;\"><strong style=\"color: #e02b20;\"><a href=\"https:\/\/drive.google.com\/file\/d\/1El90oHSx_9NHlxNXAlPu0YnkDXrbPv6N\/view?usp=drive_link\" style=\"color: #e02b20;\">T\u00e9l\u00e9chargez notre brochure !<\/a><\/strong><span style=\"color: #120aad;\"><\/span><\/span><\/p>\n<\/div>\n<p><span style=\"font-size: large; color: #000000;\"><strong><\/strong><\/span><\/p>\n<ul>\n<li><span style=\"font-size: large; color: #000000;\"><strong>Registration fees<\/strong> 420\u20ac, payable at the time of application<\/span><\/li>\n<li><strong style=\"color: #000000; font-size: large;\">Frais de scolarit\u00e9 :\u00a0<\/strong><\/li>\n<\/ul>\n<p><strong style=\"color: #000000; font-size: large;\"><\/strong><\/p>\n<\/div>\n<div id=\"cc-m-7812734464\" class=\"j-module n j-text\">\n<p><span style=\"font-size: large; color: #000000;\"><strong>Classe 3\/6 = <\/strong>504\u20ac* <span>(par mois sur 10 mois)<\/span><\/span><\/p>\n<p><span style=\"font-size: large; color: #000000;\"><strong>Classe 6\/12 =\u00a0 <\/strong>546\u20ac* (par mois sur 10 mois)<\/span><\/p>\n<\/div>\n<p>[\/et_pb_text][et_pb_text _builder_version=\u00a0\u00bb4.16&Prime; _module_preset=\u00a0\u00bbdefault\u00a0\u00bb global_colors_info=\u00a0\u00bb{}\u00a0\u00bb]<\/p>\n<div id=\"cc-m-6360012864\" class=\"j-module n j-text\">\n<p><span style=\"font-size: medium;\"><em><span style=\"color: #000000;\">*Une r\u00e9duction de 5% est appliqu\u00e9e sur la scolarit\u00e9 du 2\u00e8me enfant inscrit et du 3\u00e8me enfant inscrit \u00e0 l&rsquo;\u00e9cole.<\/span><\/em><\/span><\/p>\n<ul>\n<li><strong style=\"color: #000000; font-size: large;\">Administrative fees : <\/strong><span style=\"color: #000000; font-size: large;\">130\u20ac pour les 3-6 ; 150\u20ac pour les 6-12, payables \u00e0 la rentr\u00e9e (mensualit\u00e9 de septembre)<\/span><\/li>\n<li><span style=\"font-size: large; color: #000000;\"><strong>Daycare from 16:30 to 18:00\u00a0<\/strong>: 80\u20ac\/month package<\/span><\/li>\n<li><span style=\"font-size: large; color: #000000;\"><strong>Lunch fees<\/strong> : <\/span><\/li>\n<\/ul>\n<p><span style=\"font-size: large; color: #000000;\">&#8211; Forfait lunch box 40\u20ac\/mois <\/span><\/p>\n<p><span style=\"font-size: large; color: #000000;\">&#8211; Forfait cantine 90\u20ac\/mois pour les 3\/6 et 100\u20ac\/mois pour les 6\/12<\/span><\/p>\n<p><span style=\"font-size: large; color: #000000;\"><strong><\/strong><\/span><\/p>\n<p><span style=\"font-size: large; color: #120aad;\"><strong>Notre \u00e9cole bilingue Montessori est ind\u00e9pendante : elle ne per\u00e7oit aucune subvention d&rsquo;\u00e9tat pour son fonctionnement (loyer de l&rsquo;\u00e9cole, salaires des enseignants et assistants, sorties p\u00e9dagogiques).<\/strong>\u00a0It is therefore entirely financed by the parents' participation (school fees and supplies).<\/span><\/p>\n<\/div>\n<div id=\"cc-m-7812734464\" class=\"j-module n j-text\">\n<p>&nbsp;<\/p>\n<\/div>\n<p>[\/et_pb_text][\/et_pb_column][\/et_pb_row][\/et_pb_section]<\/p>","protected":false},"excerpt":{"rendered":"<p>Nos tarifs 2025-2026 T\u00e9l\u00e9chargez notre brochure ! Frais d\u2019inscription\u00a0: 420\u20ac, payables au d\u00e9p\u00f4t du dossier Frais de scolarit\u00e9 :\u00a0 Classe 3\/6 = 504\u20ac* (par mois sur 10 mois) Classe 6\/12 =\u00a0 546\u20ac* (par mois sur 10 mois) *Une r\u00e9duction de 5% est appliqu\u00e9e sur la scolarit\u00e9 du 2\u00e8me enfant inscrit et du 3\u00e8me enfant inscrit [&hellip;]<\/p>","protected":false},"author":1,"featured_media":0,"parent":0,"menu_order":0,"comment_status":"closed","ping_status":"closed","template":"","meta":{"_et_pb_use_builder":"on","_et_pb_old_content":"","_et_gb_content_width":""},"_links":{"self":[{"href":"https:\/\/junioracademy.fr\/en\/wp-json\/wp\/v2\/pages\/1311"}],"collection":[{"href":"https:\/\/junioracademy.fr\/en\/wp-json\/wp\/v2\/pages"}],"about":[{"href":"https:\/\/junioracademy.fr\/en\/wp-json\/wp\/v2\/types\/page"}],"author":[{"embeddable":true,"href":"https:\/\/junioracademy.fr\/en\/wp-json\/wp\/v2\/users\/1"}],"replies":[{"embeddable":true,"href":"https:\/\/junioracademy.fr\/en\/wp-json\/wp\/v2\/comments?post=1311"}],"version-history":[{"count":16,"href":"https:\/\/junioracademy.fr\/en\/wp-json\/wp\/v2\/pages\/1311\/revisions"}],"predecessor-version":[{"id":1524,"href":"https:\/\/junioracademy.fr\/en\/wp-json\/wp\/v2\/pages\/1311\/revisions\/1524"}],"wp:attachment":[{"href":"https:\/\/junioracademy.fr\/en\/wp-json\/wp\/v2\/media?parent=1311"}],"curies":[{"name":"wp","href":"https:\/\/api.w.org\/{rel}","templated":true}]}}