{"id":1424,"date":"2023-10-22T12:45:11","date_gmt":"2023-10-22T10:45:11","guid":{"rendered":"https:\/\/junioracademy.fr\/?page_id=1424"},"modified":"2024-11-07T10:29:00","modified_gmt":"2024-11-07T09:29:00","slug":"localisation-ecole","status":"publish","type":"page","link":"https:\/\/junioracademy.fr\/en\/notre-ecole\/informations-pratiques\/localisation-ecole\/","title":{"rendered":"Localisation \u00e9cole"},"content":{"rendered":"<p>[et_pb_section fb_built=\u00a0\u00bb1&Prime; disabled_on=\u00a0\u00bboff|off|off\u00a0\u00bb _builder_version=\u00a0\u00bb4.16&Prime; _module_preset=\u00a0\u00bbdefault\u00a0\u00bb background_image=\u00a0\u00bbhttps:\/\/junioracademy.fr\/wp-content\/uploads\/2023\/02\/IMG-20230131-WA0002.jpg\u00a0\u00bb background_size=\u00a0\u00bbinitial\u00a0\u00bb max_width_tablet=\u00a0\u00bb\u00a0\u00bb max_width_phone=\u00a0\u00bb\u00a0\u00bb max_width_last_edited=\u00a0\u00bbon|desktop\u00a0\u00bb module_alignment=\u00a0\u00bbleft\u00a0\u00bb min_height=\u00a0\u00bb462px\u00a0\u00bb custom_margin=\u00a0\u00bb||-9px|||\u00a0\u00bb custom_padding=\u00a0\u00bb148px|272px|0px|||\u00a0\u00bb animation_style=\u00a0\u00bbfade\u00a0\u00bb animation_delay=\u00a0\u00bb1100ms\u00a0\u00bb animation_starting_opacity=\u00a0\u00bb17%\u00a0\u00bb background_last_edited=\u00a0\u00bbon|desktop\u00a0\u00bb global_colors_info=\u00a0\u00bb{}\u00a0\u00bb][\/et_pb_section][et_pb_section fb_built=\u00a0\u00bb1&Prime; _builder_version=\u00a0\u00bb4.16&Prime; _module_preset=\u00a0\u00bbdefault\u00a0\u00bb custom_padding=\u00a0\u00bb1px|||||\u00a0\u00bb global_colors_info=\u00a0\u00bb{}\u00a0\u00bb][et_pb_row _builder_version=\u00a0\u00bb4.16&Prime; _module_preset=\u00a0\u00bbdefault\u00a0\u00bb min_height=\u00a0\u00bb254.3px\u00a0\u00bb custom_margin=\u00a0\u00bb|auto|-184px|auto||\u00a0\u00bb custom_padding=\u00a0\u00bb||0px|||\u00a0\u00bb global_colors_info=\u00a0\u00bb{}\u00a0\u00bb][et_pb_column type=\u00a0\u00bb4_4&Prime; _builder_version=\u00a0\u00bb4.16&Prime; _module_preset=\u00a0\u00bbdefault\u00a0\u00bb global_colors_info=\u00a0\u00bb{}\u00a0\u00bb][et_pb_text _builder_version=\u00a0\u00bb4.16&Prime; _module_preset=\u00a0\u00bbdefault\u00a0\u00bb global_colors_info=\u00a0\u00bb{}\u00a0\u00bb]<\/p>\n<h1 style=\"text-align: center;\"><span style=\"font-size: xx-large; color: #273578;\"><strong>Acc\u00e8s \u00e9cole<\/strong><\/span><\/h1>\n<p>[\/et_pb_text][\/et_pb_column][\/et_pb_row][\/et_pb_section][et_pb_section fb_built=\u00a0\u00bb1&Prime; specialty=\u00a0\u00bbon\u00a0\u00bb admin_label=\u00a0\u00bbAll Courses\u00a0\u00bb _builder_version=\u00a0\u00bb4.16&Prime; min_height=\u00a0\u00bb500px\u00a0\u00bb custom_padding=\u00a0\u00bb0px|0px|18px|0px||\u00a0\u00bb global_colors_info=\u00a0\u00bb{}\u00a0\u00bb][et_pb_column type=\u00a0\u00bb1_3&Prime; _builder_version=\u00a0\u00bb4.16&Prime; custom_padding=\u00a0\u00bb|||\u00a0\u00bb global_colors_info=\u00a0\u00bb{}\u00a0\u00bb parallax__hover=\u00a0\u00bboff\u00a0\u00bb parallax_method__hover=\u00a0\u00bbon\u00a0\u00bb custom_padding__hover=\u00a0\u00bb|||\u00a0\u00bb][et_pb_text _builder_version=\u00a0\u00bb4.16&Prime; _module_preset=\u00a0\u00bbdefault\u00a0\u00bb text_line_height=\u00a0\u00bb1.5em\u00a0\u00bb custom_margin=\u00a0\u00bb-3px|||||\u00a0\u00bb custom_padding=\u00a0\u00bb0px||0px|||\u00a0\u00bb global_colors_info=\u00a0\u00bb{}\u00a0\u00bb]<\/p>\n<p style=\"text-align: center;\"><b style=\"font-size: 18px; color: #000080;\">Localisation<\/b><\/p>\n<p>&nbsp;<\/p>\n<p>L\u2019\u00e9tablissement, situ\u00e9 <strong>2 chemin de Lorette \u00e0 Saint Genis Laval<\/strong>, b\u00e9n\u00e9ficie d\u2019un cadre exceptionnel !<\/p>\n<p>Ce lieu privil\u00e9gi\u00e9 offre aux \u00e9l\u00e8ves des espaces ext\u00e9rieurs o\u00f9 ils peuvent s\u2019\u00e9panouir, explorer et apprendre dans un environnement sain et s\u00e9curis\u00e9. Les installations et l\u2019architecture en bois cr\u00e9ent une atmosph\u00e8re chaleureuse et stimulante, propice au bien-\u00eatre et \u00e0 la d\u00e9couverte.<\/p>\n<p>\u00a0<span>\ud83d\udc63 1<\/span>5 mn \u00e0 pieds de la gare-m\u00e9tro Oullins<br \/><span>\ud83d\ude872<\/span>5 mn de Bellecour &#8211; Lyon BUS C10<br \/><span>\ud83d\ude97<\/span>Proximit\u00e9 de l\u2019A7 et A450<br \/><span>\ud83d\udeb2<\/span>Piste cyclable\u00a0<\/p>\n<p>Parking voiture et parking v\u00e9lo au sein de l&rsquo;\u00e9tablissement\u00a0<\/p>\n<p>&nbsp;<\/p>\n<p>&nbsp;<\/p>\n<p style=\"text-align: left;\"><span style=\"font-size: large;\"><span lang=\"fr\"><\/span><\/span><\/p>\n<p>[\/et_pb_text][\/et_pb_column][et_pb_column type=\u00a0\u00bb2_3&Prime; specialty_columns=\u00a0\u00bb2&Prime; _builder_version=\u00a0\u00bb4.16&Prime; custom_padding=\u00a0\u00bb|||\u00a0\u00bb global_colors_info=\u00a0\u00bb{}\u00a0\u00bb parallax__hover=\u00a0\u00bboff\u00a0\u00bb parallax_method__hover=\u00a0\u00bbon\u00a0\u00bb custom_padding__hover=\u00a0\u00bb|||\u00a0\u00bb][et_pb_row_inner _builder_version=\u00a0\u00bb4.16&Prime; _module_preset=\u00a0\u00bbdefault\u00a0\u00bb global_colors_info=\u00a0\u00bb{}\u00a0\u00bb][et_pb_column_inner saved_specialty_column_type=\u00a0\u00bb2_3&Prime; _builder_version=\u00a0\u00bb4.16&Prime; _module_preset=\u00a0\u00bbdefault\u00a0\u00bb global_colors_info=\u00a0\u00bb{}\u00a0\u00bb][et_pb_image title_text=\u00a0\u00bbCapture d\u2019\u00e9cran 2024-11-07 102001&Prime; _builder_version=\u00a0\u00bb4.23.1&Prime; _module_preset=\u00a0\u00bbdefault\u00a0\u00bb custom_padding=\u00a0\u00bb|212px||||\u00a0\u00bb hover_enabled=\u00a0\u00bb0&Prime; global_colors_info=\u00a0\u00bb{}\u00a0\u00bb src=\u00a0\u00bbhttps:\/\/junioracademy.fr\/wp-content\/uploads\/2024\/11\/Capture-decran-2024-11-07-102001.png\u00a0\u00bb sticky_enabled=\u00a0\u00bb0&Prime;][\/et_pb_image][\/et_pb_column_inner][\/et_pb_row_inner][\/et_pb_column][\/et_pb_section][et_pb_section fb_built=\u00a0\u00bb1&Prime; _builder_version=\u00a0\u00bb4.16&Prime; _module_preset=\u00a0\u00bbdefault\u00a0\u00bb min_height=\u00a0\u00bb259.8px\u00a0\u00bb custom_margin=\u00a0\u00bb-12px|||||\u00a0\u00bb global_colors_info=\u00a0\u00bb{}\u00a0\u00bb][et_pb_row _builder_version=\u00a0\u00bb4.16&Prime; _module_preset=\u00a0\u00bbdefault\u00a0\u00bb min_height=\u00a0\u00bb157.9px\u00a0\u00bb global_colors_info=\u00a0\u00bb{}\u00a0\u00bb][et_pb_column type=\u00a0\u00bb4_4&Prime; _builder_version=\u00a0\u00bb4.16&Prime; _module_preset=\u00a0\u00bbdefault\u00a0\u00bb global_colors_info=\u00a0\u00bb{}\u00a0\u00bb][et_pb_slider _builder_version=\u00a0\u00bb4.16&Prime; _module_preset=\u00a0\u00bbdefault\u00a0\u00bb background_video_mp4=\u00a0\u00bbhttps:\/\/junioracademy.fr\/wp-content\/uploads\/2023\/01\/Vert-Info-de-la-journee-Education-Enseignement-Ecole-169-Video-1.mp4&Prime; background_last_edited=\u00a0\u00bbon|phone\u00a0\u00bb global_colors_info=\u00a0\u00bb{}\u00a0\u00bb][et_pb_slide button_text=\u00a0\u00bbClics\u00a0\u00bb _builder_version=\u00a0\u00bb4.16&Prime; _module_preset=\u00a0\u00bbdefault\u00a0\u00bb global_colors_info=\u00a0\u00bb{}\u00a0\u00bb sticky_transition=\u00a0\u00bbon\u00a0\u00bb][\/et_pb_slide][et_pb_slide heading=\u00a0\u00bbVotre titre va ici\u00a0\u00bb button_text=\u00a0\u00bbClics\u00a0\u00bb _builder_version=\u00a0\u00bb4.16&Prime; _module_preset=\u00a0\u00bbdefault\u00a0\u00bb global_colors_info=\u00a0\u00bb{}\u00a0\u00bb sticky_transition=\u00a0\u00bbon\u00a0\u00bb]<\/p>\n<p>Your content goes here. Edit or remove this text inline or in the module Content settings. You can also style every aspect of this content in the module Design settings and even apply custom CSS to this text in the module Advanced settings.<\/p>\n<p>[\/et_pb_slide][\/et_pb_slider][\/et_pb_column][\/et_pb_row][\/et_pb_section]<\/p>","protected":false},"excerpt":{"rendered":"<p>Acc\u00e8s \u00e9coleLocalisation &nbsp; L\u2019\u00e9tablissement, situ\u00e9 2 chemin de Lorette \u00e0 Saint Genis Laval, b\u00e9n\u00e9ficie d\u2019un cadre exceptionnel ! Ce lieu privil\u00e9gi\u00e9 offre aux \u00e9l\u00e8ves des espaces ext\u00e9rieurs o\u00f9 ils peuvent s\u2019\u00e9panouir, explorer et apprendre dans un environnement sain et s\u00e9curis\u00e9. Les installations et l\u2019architecture en bois cr\u00e9ent une atmosph\u00e8re chaleureuse et stimulante, propice au bien-\u00eatre [&hellip;]<\/p>","protected":false},"author":1,"featured_media":0,"parent":383,"menu_order":0,"comment_status":"closed","ping_status":"closed","template":"","meta":{"_et_pb_use_builder":"on","_et_pb_old_content":"","_et_gb_content_width":""},"_links":{"self":[{"href":"https:\/\/junioracademy.fr\/en\/wp-json\/wp\/v2\/pages\/1424"}],"collection":[{"href":"https:\/\/junioracademy.fr\/en\/wp-json\/wp\/v2\/pages"}],"about":[{"href":"https:\/\/junioracademy.fr\/en\/wp-json\/wp\/v2\/types\/page"}],"author":[{"embeddable":true,"href":"https:\/\/junioracademy.fr\/en\/wp-json\/wp\/v2\/users\/1"}],"replies":[{"embeddable":true,"href":"https:\/\/junioracademy.fr\/en\/wp-json\/wp\/v2\/comments?post=1424"}],"version-history":[{"count":7,"href":"https:\/\/junioracademy.fr\/en\/wp-json\/wp\/v2\/pages\/1424\/revisions"}],"predecessor-version":[{"id":1496,"href":"https:\/\/junioracademy.fr\/en\/wp-json\/wp\/v2\/pages\/1424\/revisions\/1496"}],"up":[{"embeddable":true,"href":"https:\/\/junioracademy.fr\/en\/wp-json\/wp\/v2\/pages\/383"}],"wp:attachment":[{"href":"https:\/\/junioracademy.fr\/en\/wp-json\/wp\/v2\/media?parent=1424"}],"curies":[{"name":"wp","href":"https:\/\/api.w.org\/{rel}","templated":true}]}}