{"id":1603,"date":"2026-03-31T12:18:11","date_gmt":"2026-03-31T10:18:11","guid":{"rendered":"https:\/\/junioracademy.fr\/?page_id=1603"},"modified":"2026-04-08T17:16:31","modified_gmt":"2026-04-08T15:16:31","slug":"nos-ateliers-montessori","status":"publish","type":"page","link":"https:\/\/junioracademy.fr\/en\/nos-ateliers-montessori\/","title":{"rendered":"Our Montessori workshops"},"content":{"rendered":"<p>[et_pb_section fb_built=\u00a0\u00bb1&Prime; _builder_version=\u00a0\u00bb4.23.1&Prime; _module_preset=\u00a0\u00bbdefault\u00a0\u00bb global_colors_info=\u00a0\u00bb{}\u00a0\u00bb][et_pb_row _builder_version=\u00a0\u00bb4.23.1&Prime; _module_preset=\u00a0\u00bbdefault\u00a0\u00bb global_colors_info=\u00a0\u00bb{}\u00a0\u00bb][et_pb_column type=\u00a0\u00bb4_4&Prime; _builder_version=\u00a0\u00bb4.23.1&Prime; _module_preset=\u00a0\u00bbdefault\u00a0\u00bb global_colors_info=\u00a0\u00bb{}\u00a0\u00bb][et_pb_text _builder_version=\u00a0\u00bb4.23.1&Prime; _module_preset=\u00a0\u00bbdefault\u00a0\u00bb text_font_size=\u00a0\u00bb16px\u00a0\u00bb text_line_height=\u00a0\u00bb1.8em\u00a0\u00bb header_text_color=\u00a0\u00bb#0C71C3&Prime; text_orientation=\u00a0\u00bbcenter\u00a0\u00bb global_colors_info=\u00a0\u00bb{}\u00a0\u00bb]<\/p>\n<h1 style=\"text-align: center;\"><span style=\"color: #000080;\"><strong>Nos ateliers p\u00e9dagogiques<\/strong><\/span><\/h1>\n<p><span style=\"color: #000080;\"><strong><\/strong><\/span><\/p>\n<p><span style=\"color: #000080;\"><strong><\/strong><\/span><\/p>\n<p data-start=\"245\" data-end=\"304\"><span style=\"font-size: large; color: #0c71c3;\"><strong data-start=\"245\" data-end=\"302\">Offrez \u00e0 votre enfant bien plus qu\u2019un simple atelier\u2026<\/strong><\/span><\/p>\n<p data-start=\"306\" data-end=\"441\">D\u00e9couvrez les ateliers de la Junior Academy, propos\u00e9s les mercredis et pendant les vacances scolaires, pour les enfants de 3 \u00e0 9 ans.<\/p>\n<p data-start=\"443\" data-end=\"595\">Dans un environnement bilingue, chaleureux et structur\u00e9, chaque enfant est invit\u00e9 \u00e0 <strong data-start=\"527\" data-end=\"572\">manipuler, explorer et cr\u00e9er \u00e0 son rythme<\/strong>, en toute confiance.<\/p>\n<p data-start=\"597\" data-end=\"820\">Inspir\u00e9s de la p\u00e9dagogie Montessori, nos ateliers d\u00e9veloppent l\u2019autonomie, renforcent la confiance en soi et favorisent un <strong data-start=\"720\" data-end=\"749\">\u00e9veil naturel \u00e0 l\u2019anglais<\/strong>, gr\u00e2ce \u00e0 des activit\u00e9s concr\u00e8tes, ludiques et adapt\u00e9es \u00e0 chaque \u00e2ge.<\/p>\n<p data-start=\"822\" data-end=\"905\"><strong>Une exp\u00e9rience enrichissante pour grandir, apprendre et s\u2019\u00e9panouir avec plaisir.<\/strong><\/p>\n<p style=\"text-align: center;\"><span style=\"color: #000080;\"><\/span><\/p>\n<p>[\/et_pb_text][\/et_pb_column][\/et_pb_row][et_pb_row column_structure=\u00a0\u00bb1_2,1_2&Prime; _builder_version=\u00a0\u00bb4.23.1&Prime; _module_preset=\u00a0\u00bbdefault\u00a0\u00bb global_colors_info=\u00a0\u00bb{}\u00a0\u00bb][et_pb_column type=\u00a0\u00bb1_2&Prime; _builder_version=\u00a0\u00bb4.23.1&Prime; _module_preset=\u00a0\u00bbdefault\u00a0\u00bb global_colors_info=\u00a0\u00bb{}\u00a0\u00bb][et_pb_cta title=\u00a0\u00bbAteliers du mercredi\u00a0\u00bb button_url=\u00a0\u00bbhttps:\/\/junioracademy.fr\/ateliers-du-mercredi\/\u00a0\u00bb button_text=\u00a0\u00bbD\u00e9couvrir les ateliers du mercredi\u00a0\u00bb _builder_version=\u00a0\u00bb4.23.1&Prime; _module_preset=\u00a0\u00bbdefault\u00a0\u00bb background_color=\u00a0\u00bbrgba(0,0,0,0.45)\u00a0\u00bb background_image=\u00a0\u00bbhttps:\/\/junioracademy.fr\/wp-content\/uploads\/2026\/03\/girl-with-easter-garland-scaled.jpg\u00a0\u00bb background_blend=\u00a0\u00bbmultiply\u00a0\u00bb custom_button=\u00a0\u00bbon\u00a0\u00bb button_text_color=\u00a0\u00bb#FFFFFF\u00a0\u00bb button_bg_color=\u00a0\u00bb#cd6b55&Prime; button_border_color=\u00a0\u00bbRGBA(255,255,255,0)\u00a0\u00bb link_option_url_new_window=\u00a0\u00bbon\u00a0\u00bb locked=\u00a0\u00bboff\u00a0\u00bb global_colors_info=\u00a0\u00bb{}\u00a0\u00bb]<\/p>\n<p data-start=\"172\" data-end=\"358\">Des ateliers r\u00e9guliers pour accompagner votre enfant dans ses d\u00e9couvertes, nourrir sa curiosit\u00e9 et lui offrir un <strong data-start=\"285\" data-end=\"355\">temps d\u2019apprentissage vivant et \u00e9panouissant au c\u0153ur de la semaine<\/strong>.<\/p>\n<p data-start=\"360\" data-end=\"474\"><strong>Un rendez-vous pr\u00e9cieux pour explorer, exp\u00e9rimenter et grandir \u00e0 son rythme, dans un cadre rassurant et stimulant.<\/strong><\/p>\n<p>[\/et_pb_cta][\/et_pb_column][et_pb_column type=\u00a0\u00bb1_2&Prime; _builder_version=\u00a0\u00bb4.23.1&Prime; _module_preset=\u00a0\u00bbdefault\u00a0\u00bb global_colors_info=\u00a0\u00bb{}\u00a0\u00bb][et_pb_cta title=\u00a0\u00bbAteliers de vacances\u00a0\u00bb button_url=\u00a0\u00bbhttps:\/\/junioracademy.fr\/nos-ateliers-montessori\/ateliers-vacances\u00a0\u00bb button_text=\u00a0\u00bbD\u00e9couvrir les ateliers de vacances\u00a0\u00bb _builder_version=\u00a0\u00bb4.23.1&Prime; _module_preset=\u00a0\u00bbdefault\u00a0\u00bb background_color=\u00a0\u00bbrgba(0,0,0,0.45)\u00a0\u00bb background_image=\u00a0\u00bbhttps:\/\/junioracademy.fr\/wp-content\/uploads\/2026\/03\/cheerful-girl-with-painted-eggs-scaled.jpg\u00a0\u00bb background_blend=\u00a0\u00bbmultiply\u00a0\u00bb custom_button=\u00a0\u00bbon\u00a0\u00bb button_text_color=\u00a0\u00bb#FFFFFF\u00a0\u00bb button_bg_color=\u00a0\u00bb#cd6b55&Prime; button_border_color=\u00a0\u00bbRGBA(255,255,255,0)\u00a0\u00bb link_option_url_new_window=\u00a0\u00bbon\u00a0\u00bb global_colors_info=\u00a0\u00bb{}\u00a0\u00bb]<\/p>\n<p data-start=\"251\" data-end=\"401\">Des ateliers sp\u00e9cialement con\u00e7us pour les vacances scolaires, offrant aux enfants une <strong data-start=\"337\" data-end=\"398\">exp\u00e9rience \u00e0 la fois enrichissante, joyeuse et structur\u00e9e<\/strong>.<\/p>\n<p data-start=\"403\" data-end=\"548\">Entre exploration, cr\u00e9ativit\u00e9 et immersion bilingue, chaque enfant d\u00e9couvre, exp\u00e9rimente et s\u2019\u00e9panouit dans un cadre stimulant et bienveillant.<\/p>\n<p data-start=\"550\" data-end=\"624\"><strong>Une parenth\u00e8se \u00e9ducative pour apprendre autrement pendant les vacances.<\/strong>.<\/p>\n<p>[\/et_pb_cta][\/et_pb_column][\/et_pb_row][et_pb_row _builder_version=\u00a0\u00bb4.23.1&Prime; _module_preset=\u00a0\u00bbdefault\u00a0\u00bb global_colors_info=\u00a0\u00bb{}\u00a0\u00bb][et_pb_column type=\u00a0\u00bb4_4&Prime; _builder_version=\u00a0\u00bb4.23.1&Prime; _module_preset=\u00a0\u00bbdefault\u00a0\u00bb global_colors_info=\u00a0\u00bb{}\u00a0\u00bb][et_pb_text _builder_version=\u00a0\u00bb4.23.1&Prime; _module_preset=\u00a0\u00bbdefault\u00a0\u00bb global_colors_info=\u00a0\u00bb{}\u00a0\u00bb]<\/p>\n<h1 style=\"text-align: center;\"><span style=\"color: #000080;\">Pourquoi choisir nos ateliers ?<\/span><\/h1>\n<p>&nbsp;<\/p>\n<p>[\/et_pb_text][\/et_pb_column][\/et_pb_row][et_pb_row column_structure=\u00a0\u00bb1_3,1_3,1_3&Prime; _builder_version=\u00a0\u00bb4.23.1&Prime; _module_preset=\u00a0\u00bbdefault\u00a0\u00bb global_colors_info=\u00a0\u00bb{}\u00a0\u00bb][et_pb_column type=\u00a0\u00bb1_3&Prime; _builder_version=\u00a0\u00bb4.23.1&Prime; _module_preset=\u00a0\u00bbdefault\u00a0\u00bb global_colors_info=\u00a0\u00bb{}\u00a0\u00bb][et_pb_image src=\u00a0\u00bbhttps:\/\/junioracademy.fr\/wp-content\/uploads\/2020\/12\/AdobeStock_374568228-e1608458567262.jpeg\u00a0\u00bb title_text=\u00a0\u00bbToddler Building Montessori Pink Tower\u00a0\u00bb admin_label=\u00a0\u00bbImage\u00a0\u00bb _builder_version=\u00a0\u00bb4.23.1&Prime; _module_preset=\u00a0\u00bbdefault\u00a0\u00bb global_colors_info=\u00a0\u00bb{}\u00a0\u00bb][\/et_pb_image][et_pb_text admin_label=\u00a0\u00bbText\u00a0\u00bb _builder_version=\u00a0\u00bb4.23.1&Prime; _module_preset=\u00a0\u00bbdefault\u00a0\u00bb global_colors_info=\u00a0\u00bb{}\u00a0\u00bb]<\/p>\n<p style=\"text-align: center;\"><strong data-start=\"1693\" data-end=\"1733\">Une p\u00e9dagogie inspir\u00e9e de Montessori<\/strong><\/p>\n<p style=\"text-align: center;\">Nos ateliers s\u2019appuient sur une approche qui valorise l\u2019autonomie, la manipulation, la curiosit\u00e9 et le respect du rythme de chaque enfant.<\/p>\n<p>[\/et_pb_text][\/et_pb_column][et_pb_column type=\u00a0\u00bb1_3&Prime; _builder_version=\u00a0\u00bb4.23.1&Prime; _module_preset=\u00a0\u00bbdefault\u00a0\u00bb global_colors_info=\u00a0\u00bb{}\u00a0\u00bb][et_pb_image src=\u00a0\u00bbhttps:\/\/junioracademy.fr\/wp-content\/uploads\/2020\/12\/pedagogique.png\u00a0\u00bb title_text=\u00a0\u00bbpedagogique\u00a0\u00bb admin_label=\u00a0\u00bbImage\u00a0\u00bb _builder_version=\u00a0\u00bb4.23.1&Prime; _module_preset=\u00a0\u00bbdefault\u00a0\u00bb global_colors_info=\u00a0\u00bb{}\u00a0\u00bb][\/et_pb_image][et_pb_text admin_label=\u00a0\u00bbText\u00a0\u00bb _builder_version=\u00a0\u00bb4.23.1&Prime; _module_preset=\u00a0\u00bbdefault\u00a0\u00bb global_colors_info=\u00a0\u00bb{}\u00a0\u00bb]<\/p>\n<p style=\"text-align: center;\"><strong data-start=\"1889\" data-end=\"1925\">Une immersion bilingue naturelle<\/strong><\/p>\n<p style=\"text-align: center;\">L\u2019anglais est d\u00e9couvert \u00e0 travers des activit\u00e9s concr\u00e8tes, ludiques et adapt\u00e9es, dans un cadre vivant qui donne envie d\u2019apprendre.<\/p>\n<p>[\/et_pb_text][\/et_pb_column][et_pb_column type=\u00a0\u00bb1_3&Prime; _builder_version=\u00a0\u00bb4.23.1&Prime; _module_preset=\u00a0\u00bbdefault\u00a0\u00bb global_colors_info=\u00a0\u00bb{}\u00a0\u00bb][et_pb_image src=\u00a0\u00bbhttps:\/\/junioracademy.fr\/wp-content\/uploads\/2020\/12\/AdobeStock_224720560.jpeg\u00a0\u00bb title_text=\u00a0\u00bbMontessori Schule Unterricht Material Lehrmittel\u00a0\u00bb admin_label=\u00a0\u00bbImage\u00a0\u00bb _builder_version=\u00a0\u00bb4.23.1&Prime; _module_preset=\u00a0\u00bbdefault\u00a0\u00bb global_colors_info=\u00a0\u00bb{}\u00a0\u00bb][\/et_pb_image][et_pb_text admin_label=\u00a0\u00bbText\u00a0\u00bb _builder_version=\u00a0\u00bb4.23.1&Prime; _module_preset=\u00a0\u00bbdefault\u00a0\u00bb global_colors_info=\u00a0\u00bb{}\u00a0\u00bb]<\/p>\n<p style=\"text-align: center;\"><strong data-start=\"2073\" data-end=\"2108\">Un cadre rassurant et stimulant<\/strong><\/p>\n<p style=\"text-align: center;\">Les enfants \u00e9voluent en petits groupes, dans un environnement bienveillant, structur\u00e9 et pens\u00e9 pour favoriser la concentration, la confiance et le plaisir d\u2019apprendre.<\/p>\n<p>[\/et_pb_text][\/et_pb_column][\/et_pb_row][et_pb_row _builder_version=\u00a0\u00bb4.23.1&Prime; _module_preset=\u00a0\u00bbdefault\u00a0\u00bb global_colors_info=\u00a0\u00bb{}\u00a0\u00bb][et_pb_column type=\u00a0\u00bb4_4&Prime; _builder_version=\u00a0\u00bb4.23.1&Prime; _module_preset=\u00a0\u00bbdefault\u00a0\u00bb global_colors_info=\u00a0\u00bb{}\u00a0\u00bb][et_pb_text _builder_version=\u00a0\u00bb4.23.1&Prime; _module_preset=\u00a0\u00bbdefault\u00a0\u00bb global_colors_info=\u00a0\u00bb{}\u00a0\u00bb]<\/p>\n<h1 style=\"text-align: center;\"><span style=\"color: #000080;\">Quel atelier choisir ?<\/span><\/h1>\n<p>&nbsp;<\/p>\n<p>[\/et_pb_text][\/et_pb_column][\/et_pb_row][et_pb_row column_structure=\u00a0\u00bb1_2,1_2&Prime; _builder_version=\u00a0\u00bb4.23.1&Prime; _module_preset=\u00a0\u00bbdefault\u00a0\u00bb global_colors_info=\u00a0\u00bb{}\u00a0\u00bb][et_pb_column type=\u00a0\u00bb1_2&Prime; _builder_version=\u00a0\u00bb4.23.1&Prime; _module_preset=\u00a0\u00bbdefault\u00a0\u00bb global_colors_info=\u00a0\u00bb{}\u00a0\u00bb][et_pb_text admin_label=\u00a0\u00bbText\u00a0\u00bb _builder_version=\u00a0\u00bb4.23.1&Prime; _module_preset=\u00a0\u00bbdefault\u00a0\u00bb global_colors_info=\u00a0\u00bb{}\u00a0\u00bb]<\/p>\n<p style=\"text-align: center;\"><strong>Wednesday workshops<\/strong><\/p>\n<p data-start=\"808\" data-end=\"935\" style=\"text-align: center;\">Une solution id\u00e9ale pour les familles : des ateliers en <strong data-start=\"864\" data-end=\"884\">journ\u00e9e compl\u00e8te<\/strong>, pens\u00e9s comme un <strong data-start=\"902\" data-end=\"932\">mode de garde enrichissant<\/strong>.<\/p>\n<p data-start=\"937\" data-end=\"1080\" style=\"text-align: center;\">Votre enfant b\u00e9n\u00e9ficie d\u2019un cadre stable et stimulant, d\u00e9veloppe son autonomie, renforce sa concentration et progresse semaine apr\u00e8s semaine.<\/p>\n<p data-start=\"1082\" data-end=\"1124\" style=\"text-align: center;\">Pratique pour vous, essentiel pour lui.<\/p>\n<p>[\/et_pb_text][\/et_pb_column][et_pb_column type=\u00a0\u00bb1_2&Prime; _builder_version=\u00a0\u00bb4.23.1&Prime; _module_preset=\u00a0\u00bbdefault\u00a0\u00bb global_colors_info=\u00a0\u00bb{}\u00a0\u00bb][et_pb_text admin_label=\u00a0\u00bbText\u00a0\u00bb _builder_version=\u00a0\u00bb4.23.1&Prime; _module_preset=\u00a0\u00bbdefault\u00a0\u00bb global_colors_info=\u00a0\u00bb{}\u00a0\u00bb]<\/p>\n<p style=\"text-align: center;\"><strong>Les ateliers de vacances<\/strong><\/p>\n<p data-start=\"244\" data-end=\"485\" style=\"text-align: center;\">Id\u00e9als pour offrir \u00e0 votre enfant une <strong data-start=\"282\" data-end=\"335\">exp\u00e9rience immersive pendant les cong\u00e9s scolaires<\/strong>, ces ateliers lui permettent de d\u00e9couvrir l\u2019univers Junior Academy tout en vivant des journ\u00e9es riches en explorations, en cr\u00e9ations et en \u00e9changes.<\/p>\n<p data-start=\"487\" data-end=\"576\" style=\"text-align: center;\">Une parenth\u00e8se stimulante pour apprendre, s\u2019ouvrir et s\u2019\u00e9panouir pendant les vacances.<\/p>\n<p>[\/et_pb_text][\/et_pb_column][\/et_pb_row][et_pb_row _builder_version=\u00a0\u00bb4.23.1&Prime; _module_preset=\u00a0\u00bbdefault\u00a0\u00bb global_colors_info=\u00a0\u00bb{}\u00a0\u00bb][et_pb_column type=\u00a0\u00bb4_4&Prime; _builder_version=\u00a0\u00bb4.23.1&Prime; _module_preset=\u00a0\u00bbdefault\u00a0\u00bb global_colors_info=\u00a0\u00bb{}\u00a0\u00bb][et_pb_text admin_label=\u00a0\u00bbText\u00a0\u00bb _builder_version=\u00a0\u00bb4.23.1&Prime; _module_preset=\u00a0\u00bbdefault\u00a0\u00bb text_text_color=\u00a0\u00bb#000000&Prime; text_orientation=\u00a0\u00bbcenter\u00a0\u00bb global_colors_info=\u00a0\u00bb{}\u00a0\u00bb]<\/p>\n<h1><span style=\"color: #333399;\">Ce que les familles en disent<\/span><\/h1>\n<p style=\"margin: 0px; font-size: 18px; line-height: 1.7; text-align: center;\">\n<p>[\/et_pb_text][\/et_pb_column][\/et_pb_row][et_pb_row column_structure=\u00a0\u00bb1_3,1_3,1_3&Prime; _builder_version=\u00a0\u00bb4.23.1&Prime; _module_preset=\u00a0\u00bbdefault\u00a0\u00bb global_colors_info=\u00a0\u00bb{}\u00a0\u00bb][et_pb_column type=\u00a0\u00bb1_3&Prime; _builder_version=\u00a0\u00bb4.23.1&Prime; _module_preset=\u00a0\u00bbdefault\u00a0\u00bb global_colors_info=\u00a0\u00bb{}\u00a0\u00bb][et_pb_testimonial author=\u00a0\u00bbMarie Lerivrain\u00a0\u00bb job_title=\u00a0\u00bbmaman de  Mael et Tha\u00efs\u00a0\u00bb admin_label=\u00a0\u00bbTestimonial\u00a0\u00bb _builder_version=\u00a0\u00bb4.23.1&Prime; _module_preset=\u00a0\u00bbdefault\u00a0\u00bb global_colors_info=\u00a0\u00bb{}\u00a0\u00bb]<\/p>\n<p><img loading=\"lazy\" src=\"https:\/\/junioracademy.fr\/wp-content\/uploads\/2026\/04\/png-clipart-orange-and-white-logo-computer-icons-icon-design-person-person-miscellaneous-logo.png\" width=\"110\" height=\"80\" alt=\"\" class=\"wp-image-1725 alignnone size-full\" style=\"display: block; margin-left: auto; margin-right: auto;\" \/><\/p>\n<p style=\"text-align: center;\"><span style=\"color: #ffcc00;\">\u2605\u2605\u2605\u2605\u2605<\/span><\/p>\n<p style=\"text-align: center;\"><em>\u201c\u00c9quipe g\u00e9niale, p\u00e9dagogie au top, locaux lumineux et spacieux. Mael et Tha\u00efs sont inscrits aux ateliers du mercredi et rentrent toujours ravis.\u201d<\/em><\/p>\n<p>[\/et_pb_testimonial][\/et_pb_column][et_pb_column type=\u00a0\u00bb1_3&Prime; _builder_version=\u00a0\u00bb4.23.1&Prime; _module_preset=\u00a0\u00bbdefault\u00a0\u00bb global_colors_info=\u00a0\u00bb{}\u00a0\u00bb][et_pb_testimonial author=\u00a0\u00bbPrisca COLAS\u00a0\u00bb job_title=\u00a0\u00bbmaman d\u2019Owen\u00a0\u00bb admin_label=\u00a0\u00bbTestimonial\u00a0\u00bb _builder_version=\u00a0\u00bb4.23.1&Prime; _module_preset=\u00a0\u00bbdefault\u00a0\u00bb global_colors_info=\u00a0\u00bb{}\u00a0\u00bb]<\/p>\n<p><img loading=\"lazy\" src=\"https:\/\/junioracademy.fr\/wp-content\/uploads\/2026\/04\/png-clipart-orange-and-white-logo-computer-icons-icon-design-person-person-miscellaneous-logo.png\" width=\"110\" height=\"80\" alt=\"\" class=\"wp-image-1725 alignnone size-full\" style=\"display: block; margin-left: auto; margin-right: auto;\" \/><\/p>\n<p style=\"text-align: center;\"><span style=\"color: #ffcc00;\">\u2605\u2605\u2605\u2605\u2605<\/span><\/p>\n<p style=\"text-align: center;\"><em>\u201cOwen aime beaucoup participer aux ateliers du mercredi et pendant les vacances scolaires. Nous appr\u00e9cions particuli\u00e8rement la bienveillance des professionnels ainsi que la qualit\u00e9 des activit\u00e9s en anglais et en fran\u00e7ais.\u201d<\/em><\/p>\n<p>[\/et_pb_testimonial][\/et_pb_column][et_pb_column type=\u00a0\u00bb1_3&Prime; _builder_version=\u00a0\u00bb4.23.1&Prime; _module_preset=\u00a0\u00bbdefault\u00a0\u00bb global_colors_info=\u00a0\u00bb{}\u00a0\u00bb][et_pb_testimonial author=\u00a0\u00bbAlison Pimpy\u00a0\u00bb job_title=\u00a0\u00bbmaman de Daniel\u00a0\u00bb admin_label=\u00a0\u00bbTestimonial\u00a0\u00bb _builder_version=\u00a0\u00bb4.23.1&Prime; _module_preset=\u00a0\u00bbdefault\u00a0\u00bb global_colors_info=\u00a0\u00bb{}\u00a0\u00bb]<\/p>\n<p><img loading=\"lazy\" src=\"https:\/\/junioracademy.fr\/wp-content\/uploads\/2026\/04\/png-clipart-orange-and-white-logo-computer-icons-icon-design-person-person-miscellaneous-logo.png\" width=\"110\" height=\"80\" alt=\"\" class=\"wp-image-1725 alignnone size-full\" style=\"display: block; margin-left: auto; margin-right: auto;\" \/><\/p>\n<p style=\"text-align: center;\"><span style=\"color: #ffcc00;\">\u2605\u2605\u2605\u2605\u2605<\/span><\/p>\n<p style=\"text-align: center;\"><em>\u201cDaniel est venu pour un stage pendant les vacances et en est ressorti grandi. Il a m\u00eame demand\u00e9 \u00e0 revenir aux prochains stages. Merci pour la p\u00e9dagogie et la patience d\u2019une incroyable bienveillance.\u201d<\/em><\/p>\n<p>[\/et_pb_testimonial][\/et_pb_column][\/et_pb_row][et_pb_row _builder_version=\u00a0\u00bb4.23.1&Prime; _module_preset=\u00a0\u00bbdefault\u00a0\u00bb global_colors_info=\u00a0\u00bb{}\u00a0\u00bb][et_pb_column type=\u00a0\u00bb4_4&Prime; _builder_version=\u00a0\u00bb4.23.1&Prime; _module_preset=\u00a0\u00bbdefault\u00a0\u00bb global_colors_info=\u00a0\u00bb{}\u00a0\u00bb][et_pb_text admin_label=\u00a0\u00bbText\u00a0\u00bb _builder_version=\u00a0\u00bb4.23.1&Prime; _module_preset=\u00a0\u00bbdefault\u00a0\u00bb text_text_color=\u00a0\u00bb#000000&Prime; text_orientation=\u00a0\u00bbcenter\u00a0\u00bb global_colors_info=\u00a0\u00bb{}\u00a0\u00bb]<\/p>\n<h2 style=\"text-align: center; margin-top: 25px;\"><span style=\"color: #000080;\">Besoin d&rsquo;\u00eatre guid\u00e9 dans votre choix ?<\/span><\/h2>\n<p data-start=\"631\" data-end=\"777\">Chaque enfant est unique. Notre \u00e9quipe est \u00e0 votre \u00e9coute pour vous orienter vers l\u2019atelier le plus adapt\u00e9 \u00e0 son \u00e2ge, son rythme et ses besoins.<\/p>\n<p data-start=\"779\" data-end=\"882\">\ud83d\udc49 Contactez-nous pour un \u00e9change personnalis\u00e9 :<br data-start=\"827\" data-end=\"830\" \/>\ud83d\udce9 <a data-start=\"833\" data-end=\"857\" class=\"decorated-link cursor-pointer\" rel=\"noopener\">contact@junioracademy.fr<span aria-hidden=\"true\" class=\"ms-0.5 inline-block align-middle leading-none\"><svg xmlns=\"http:\/\/www.w3.org\/2000\/svg\" width=\"20\" height=\"20\" aria-hidden=\"true\" data-rtl-flip=\"\" class=\"block h-[0.75em] w-[0.75em] stroke-current stroke-[0.75]\"><use href=\"\/cdn\/assets\/sprites-core-dd80ba6x.svg#304883\" fill=\"currentColor\"><\/use><\/svg><\/span><\/a><br data-start=\"857\" data-end=\"860\" \/>\ud83d\udcde +33 6 20 46 35 80<\/p>\n<p>[\/et_pb_text][\/et_pb_column][\/et_pb_row][\/et_pb_section]<\/p>","protected":false},"excerpt":{"rendered":"<p>Nos ateliers p\u00e9dagogiques Offrez \u00e0 votre enfant bien plus qu\u2019un simple atelier\u2026 D\u00e9couvrez les ateliers de la Junior Academy, propos\u00e9s les mercredis et pendant les vacances scolaires, pour les enfants de 3 \u00e0 9 ans. Dans un environnement bilingue, chaleureux et structur\u00e9, chaque enfant est invit\u00e9 \u00e0 manipuler, explorer et cr\u00e9er \u00e0 son rythme, en [&hellip;]<\/p>","protected":false},"author":1,"featured_media":0,"parent":0,"menu_order":0,"comment_status":"closed","ping_status":"closed","template":"","meta":{"_et_pb_use_builder":"on","_et_pb_old_content":"","_et_gb_content_width":""},"_links":{"self":[{"href":"https:\/\/junioracademy.fr\/en\/wp-json\/wp\/v2\/pages\/1603"}],"collection":[{"href":"https:\/\/junioracademy.fr\/en\/wp-json\/wp\/v2\/pages"}],"about":[{"href":"https:\/\/junioracademy.fr\/en\/wp-json\/wp\/v2\/types\/page"}],"author":[{"embeddable":true,"href":"https:\/\/junioracademy.fr\/en\/wp-json\/wp\/v2\/users\/1"}],"replies":[{"embeddable":true,"href":"https:\/\/junioracademy.fr\/en\/wp-json\/wp\/v2\/comments?post=1603"}],"version-history":[{"count":28,"href":"https:\/\/junioracademy.fr\/en\/wp-json\/wp\/v2\/pages\/1603\/revisions"}],"predecessor-version":[{"id":1779,"href":"https:\/\/junioracademy.fr\/en\/wp-json\/wp\/v2\/pages\/1603\/revisions\/1779"}],"wp:attachment":[{"href":"https:\/\/junioracademy.fr\/en\/wp-json\/wp\/v2\/media?parent=1603"}],"curies":[{"name":"wp","href":"https:\/\/api.w.org\/{rel}","templated":true}]}}