{"id":1616,"date":"2026-03-31T15:43:44","date_gmt":"2026-03-31T13:43:44","guid":{"rendered":"https:\/\/junioracademy.fr\/?page_id=1616"},"modified":"2026-04-08T11:12:13","modified_gmt":"2026-04-08T09:12:13","slug":"documents-inscription","status":"publish","type":"page","link":"https:\/\/junioracademy.fr\/en\/documents-inscription\/","title":{"rendered":"Documents-inscription"},"content":{"rendered":"<p>[et_pb_section fb_built=\u00a0\u00bb1&Prime; _builder_version=\u00a0\u00bb4.23.1&Prime; _module_preset=\u00a0\u00bbdefault\u00a0\u00bb global_colors_info=\u00a0\u00bb{}\u00a0\u00bb][et_pb_row _builder_version=\u00a0\u00bb4.23.1&Prime; _module_preset=\u00a0\u00bbdefault\u00a0\u00bb global_colors_info=\u00a0\u00bb{}\u00a0\u00bb][et_pb_column type=\u00a0\u00bb4_4&Prime; _builder_version=\u00a0\u00bb4.23.1&Prime; _module_preset=\u00a0\u00bbdefault\u00a0\u00bb global_colors_info=\u00a0\u00bb{}\u00a0\u00bb][et_pb_text _builder_version=\u00a0\u00bb4.23.1&Prime; _module_preset=\u00a0\u00bbdefault\u00a0\u00bb hover_enabled=\u00a0\u00bb0&Prime; global_colors_info=\u00a0\u00bb{}\u00a0\u00bb sticky_enabled=\u00a0\u00bb0&Prime;]<\/p>\n<div style=\"max-width: 900px; margin: 0 auto; padding: 40px 20px; text-align: center; font-family: Arial, Helvetica, sans-serif; color: #1f1f1f;\">\n<h1 style=\"font-size: 38px; line-height: 1.2; margin-bottom: 20px; color: #1f3c88;\">\u00a0Merci, votre paiement a bien \u00e9t\u00e9 re\u00e7u<\/h1>\n<p style=\"font-size: 18px; line-height: 1.8; max-width: 760px; margin: 0 auto 20px auto; color: #4a4a4a;\">Nous vous remercions pour votre confiance.<\/p>\n<p>Votre paiement a bien \u00e9t\u00e9 pris en compte.<\/p>\n<p style=\"font-size: 18px; line-height: 1.8; max-width: 760px; margin: 0 auto 35px auto; color: #4a4a4a;\">Afin de finaliser l\u2019inscription de votre enfant \u00e0 Junior Academy, merci de t\u00e9l\u00e9charger, compl\u00e9ter et nous retourner les documents obligatoires ci-dessous.<\/p>\n<h2 style=\"font-size: 28px; line-height: 1.3; margin-bottom: 20px; color: #1f3c88;\">Documents \u00e0 compl\u00e9ter<\/h2>\n<p style=\"font-size: 17px; line-height: 1.8; max-width: 760px; margin: 0 auto 16px auto; color: #4a4a4a;\">Pour que l\u2019inscription soit compl\u00e8te, nous vous invitons \u00e0 t\u00e9l\u00e9charger et remplir les deux documents suivants :<\/p>\n<div style=\"max-width: 760px; margin: 0 auto 30px auto; text-align: left; color: #4a4a4a; font-size: 17px; line-height: 1.8;\">\n<p style=\"margin: 0 0 10px 0;\">\u2013 le <strong>r\u00e8glement int\u00e9rieur des ateliers du mercredi<\/strong>, \u00e0 lire et signer<\/p>\n<p style=\"margin: 0;\">\u2013 le <strong>dossier d\u2019inscription aux ateliers p\u00e9dagogiques<\/strong>, qui comprend la fiche d\u2019inscription, la fiche d\u2019urgence et l\u2019autorisation \/ refus de publication de l\u2019image de votre enfant<\/p>\n<\/div>\n<div style=\"display: flex; flex-direction: column; gap: 16px; align-items: center; margin: 35px 0;\">\n<p><a href=\"https:\/\/junioracademy.fr\/wp-content\/uploads\/2026\/04\/Reglement-interieur-Club-du-mercredi-Junior-Academy-Annee-2025-2026.pdf\" target=\"_blank\" rel=\"noopener noreferrer\" style=\"display: inline-block; background: #1f3c88; color: #ffffff; text-decoration: none; padding: 14px 28px; border-radius: 8px; font-size: 17px; font-weight: bold; min-width: 340px;\"><br \/>T\u00e9l\u00e9charger le r\u00e8glement int\u00e9rieur du mercredi<\/a><\/p>\n<p>&nbsp;<\/p>\n<p><a href=\"https:\/\/junioracademy.fr\/wp-content\/uploads\/2026\/04\/DOSSIER-INSCRIPTION-ATELIERS-PEDAGOGIQUES-JUNIOR-ACADEMY-2025-2026.pdf\" target=\"_blank\" rel=\"noopener noreferrer\" style=\"display: inline-block; background: #1f3c88; color: #ffffff; text-decoration: none; padding: 14px 28px; border-radius: 8px; font-size: 17px; font-weight: bold; min-width: 340px;\"><br \/>T\u00e9l\u00e9charger le dossier d\u2019inscription complet (mercredi et vacances scolaires)<\/a><\/p>\n<\/div>\n<p style=\"font-size: 16px; line-height: 1.8; max-width: 760px; margin: 0 auto 30px auto; color: #6b7280;\">(fiche d\u2019inscription, fiche d\u2019urgence et autorisation d\u2019image)<\/p>\n<p style=\"font-size: 17px; line-height: 1.8; max-width: 760px; margin: 30px auto 10px auto; color: #4a4a4a;\">Une fois les documents compl\u00e9t\u00e9s et sign\u00e9s, merci de nous les transmettre par email \u00e0 l\u2019adresse suivante :<\/p>\n<p style=\"font-size: 18px; line-height: 1.8; margin: 0 0 30px 0;\"><a href=\"mailto:contact@junioracademy.fr\" style=\"color: #1f3c88; font-weight: bold; text-decoration: none;\"><br \/>contact@junioracademy.fr<br \/><\/a><\/p>\n<p style=\"font-size: 17px; line-height: 1.8; max-width: 760px; margin: 0 auto; color: #4a4a4a;\">L\u2019inscription de votre enfant sera consid\u00e9r\u00e9e comme finalis\u00e9e \u00e0 r\u00e9ception de l\u2019ensemble des documents demand\u00e9s.<\/p>\n<p style=\"font-size: 17px; line-height: 1.8; max-width: 760px; margin: 20px auto 0 auto; color: #4a4a4a;\">Pour toute question, notre \u00e9quipe reste \u00e0 votre disposition.<\/p>\n<\/div>\n<p>[\/et_pb_text][\/et_pb_column][\/et_pb_row][\/et_pb_section]<\/p>","protected":false},"excerpt":{"rendered":"<p>\u00a0Merci, votre paiement a bien \u00e9t\u00e9 re\u00e7u Nous vous remercions pour votre confiance. Votre paiement a bien \u00e9t\u00e9 pris en compte. Afin de finaliser l\u2019inscription de votre enfant \u00e0 Junior Academy, merci de t\u00e9l\u00e9charger, compl\u00e9ter et nous retourner les documents obligatoires ci-dessous. Documents \u00e0 compl\u00e9ter Pour que l\u2019inscription soit compl\u00e8te, nous vous invitons \u00e0 t\u00e9l\u00e9charger [&hellip;]<\/p>","protected":false},"author":1,"featured_media":0,"parent":0,"menu_order":0,"comment_status":"closed","ping_status":"closed","template":"","meta":{"_et_pb_use_builder":"on","_et_pb_old_content":"","_et_gb_content_width":""},"_links":{"self":[{"href":"https:\/\/junioracademy.fr\/en\/wp-json\/wp\/v2\/pages\/1616"}],"collection":[{"href":"https:\/\/junioracademy.fr\/en\/wp-json\/wp\/v2\/pages"}],"about":[{"href":"https:\/\/junioracademy.fr\/en\/wp-json\/wp\/v2\/types\/page"}],"author":[{"embeddable":true,"href":"https:\/\/junioracademy.fr\/en\/wp-json\/wp\/v2\/users\/1"}],"replies":[{"embeddable":true,"href":"https:\/\/junioracademy.fr\/en\/wp-json\/wp\/v2\/comments?post=1616"}],"version-history":[{"count":5,"href":"https:\/\/junioracademy.fr\/en\/wp-json\/wp\/v2\/pages\/1616\/revisions"}],"predecessor-version":[{"id":1658,"href":"https:\/\/junioracademy.fr\/en\/wp-json\/wp\/v2\/pages\/1616\/revisions\/1658"}],"wp:attachment":[{"href":"https:\/\/junioracademy.fr\/en\/wp-json\/wp\/v2\/media?parent=1616"}],"curies":[{"name":"wp","href":"https:\/\/api.w.org\/{rel}","templated":true}]}}