{"id":1641,"date":"2026-04-07T13:05:35","date_gmt":"2026-04-07T11:05:35","guid":{"rendered":"https:\/\/junioracademy.fr\/?page_id=1641"},"modified":"2026-04-08T16:32:02","modified_gmt":"2026-04-08T14:32:02","slug":"ateliers-du-mercredi","status":"publish","type":"page","link":"https:\/\/junioracademy.fr\/en\/nos-ateliers-montessori\/ateliers-du-mercredi\/","title":{"rendered":"Wednesday workshops"},"content":{"rendered":"<p>[et_pb_section fb_built=\u00a0\u00bb1&Prime; _builder_version=\u00a0\u00bb4.23.1&Prime; _module_preset=\u00a0\u00bbdefault\u00a0\u00bb global_colors_info=\u00a0\u00bb{}\u00a0\u00bb][et_pb_row admin_label=\u00a0\u00bbLigne\u00a0\u00bb _builder_version=\u00a0\u00bb4.23.1&Prime; _module_preset=\u00a0\u00bbdefault\u00a0\u00bb global_colors_info=\u00a0\u00bb{}\u00a0\u00bb][et_pb_column type=\u00a0\u00bb4_4&Prime; _builder_version=\u00a0\u00bb4.23.1&Prime; _module_preset=\u00a0\u00bbdefault\u00a0\u00bb global_colors_info=\u00a0\u00bb{}\u00a0\u00bb][et_pb_text admin_label=\u00a0\u00bbText\u00a0\u00bb _builder_version=\u00a0\u00bb4.23.1&Prime; _module_preset=\u00a0\u00bbdefault\u00a0\u00bb text_font_size=\u00a0\u00bb16px\u00a0\u00bb text_line_height=\u00a0\u00bb1.8em\u00a0\u00bb header_text_color=\u00a0\u00bb#0C71C3&Prime; text_orientation=\u00a0\u00bbcenter\u00a0\u00bb global_colors_info=\u00a0\u00bb{}\u00a0\u00bb]<\/p>\n<h1 style=\"text-align: center;\"><strong><span style=\"color: #000080;\">Wednesday workshops<\/span><\/strong><\/h1>\n<p><span style=\"color: #000080;\"><strong><\/strong><\/span><\/p>\n<p><span style=\"color: #000080;\"><strong><\/strong><\/span><\/p>\n<p data-start=\"331\" data-end=\"394\"><strong data-start=\"331\" data-end=\"392\">Offrez \u00e0 votre enfant des mercredis riches en d\u00e9couvertes<\/strong><\/p>\n<p data-start=\"1023\" data-end=\"1145\">Dans un environnement bilingue immersif, votre enfant <strong data-start=\"1077\" data-end=\"1107\">vit l\u2019anglais au quotidien<\/strong>, de mani\u00e8re naturelle et spontan\u00e9e.<\/p>\n<p data-start=\"1147\" data-end=\"1315\">\u00c0 travers des activit\u00e9s concr\u00e8tes, des interactions et des exp\u00e9riences vari\u00e9es, il int\u00e8gre la langue sans effort, tout en explorant, cr\u00e9ant et apprenant \u00e0 son rythme.<\/p>\n<p data-start=\"1317\" data-end=\"1435\">Inspir\u00e9s de la p\u00e9dagogie Montessori, nos ateliers d\u00e9veloppent son autonomie, sa confiance et son ouverture au monde.<\/p>\n<p data-start=\"1437\" data-end=\"1523\">Bien plus qu\u2019un atelier : une immersion vivante pour apprendre l\u2019anglais autrement.<\/p>\n<p style=\"text-align: center;\"><span style=\"color: #000080;\"><\/span><\/p>\n<p>[\/et_pb_text][\/et_pb_column][\/et_pb_row][et_pb_row column_structure=\u00a0\u00bb1_2,1_2&Prime; _builder_version=\u00a0\u00bb4.23.1&Prime; _module_preset=\u00a0\u00bbdefault\u00a0\u00bb hover_enabled=\u00a0\u00bb0&Prime; global_colors_info=\u00a0\u00bb{}\u00a0\u00bb][et_pb_column type=\u00a0\u00bb1_2&Prime; _builder_version=\u00a0\u00bb4.23.1&Prime; _module_preset=\u00a0\u00bbdefault\u00a0\u00bb global_colors_info=\u00a0\u00bb{}\u00a0\u00bb][et_pb_text _builder_version=\u00a0\u00bb4.23.1&Prime; _module_preset=\u00a0\u00bbdefault\u00a0\u00bb global_colors_info=\u00a0\u00bb{}\u00a0\u00bb]<\/p>\n<h1 style=\"text-align: center;\"><strong><span style=\"color: #000080;\">Pour qui ?<\/span><\/strong><\/h1>\n<p>[\/et_pb_text][et_pb_text admin_label=\u00a0\u00bbText\u00a0\u00bb _builder_version=\u00a0\u00bb4.23.1&Prime; _module_preset=\u00a0\u00bbdefault\u00a0\u00bb global_colors_info=\u00a0\u00bb{}\u00a0\u00bb custom_padding=\u00a0\u00bb||0px|||\u00a0\u00bb]<\/p>\n<h3 data-section-id=\"1lf5dwa\" data-start=\"1229\" data-end=\"1266\" style=\"text-align: center;\"><span role=\"text\"><strong data-start=\"1233\" data-end=\"1266\">Pour les enfants de 3 \u00e0 5 ans<\/strong><\/span><\/h3>\n<p data-start=\"279\" data-end=\"409\" style=\"text-align: center;\">Les plus jeunes \u00e9voluent dans un environnement pr\u00e9par\u00e9 qui soutient le d\u00e9veloppement sensoriel, la motricit\u00e9 fine et le langage.<\/p>\n<p data-start=\"411\" data-end=\"595\" style=\"text-align: center;\">Ils d\u00e9couvrent l\u2019anglais en douceur, \u00e0 travers des activit\u00e9s concr\u00e8tes, des manipulations et des \u00e9changes du quotidien, favorisant une <strong data-start=\"546\" data-end=\"592\">premi\u00e8re immersion naturelle et rassurante.<\/strong><\/p>\n<h3 data-section-id=\"14c95zk\" data-start=\"1455\" data-end=\"1492\" style=\"text-align: center;\"><span role=\"text\"><strong data-start=\"1459\" data-end=\"1492\">Pour les enfants de 5 \u00e0 9 ans<\/strong><\/span><\/h3>\n<p data-start=\"639\" data-end=\"882\" style=\"text-align: center;\">Les plus grands approfondissent leurs apprentissages et <strong data-start=\"695\" data-end=\"738\">vivent l\u2019anglais de mani\u00e8re plus active<\/strong>, \u00e0 travers des activit\u00e9s vari\u00e9es, ludiques et interactives : jeux, projets cr\u00e9atifs, manipulations, activit\u00e9s culturelles et temps d\u2019\u00e9change.<\/p>\n<p data-start=\"884\" data-end=\"1012\" style=\"text-align: center;\">Ils d\u00e9veloppent leur confiance \u00e0 l\u2019oral, leur curiosit\u00e9 et leur capacit\u00e9 \u00e0 s\u2019exprimer dans un cadre stimulant et bienveillant.<\/p>\n<p>[\/et_pb_text][\/et_pb_column][et_pb_column type=\u00a0\u00bb1_2&Prime; _builder_version=\u00a0\u00bb4.23.1&Prime; _module_preset=\u00a0\u00bbdefault\u00a0\u00bb global_colors_info=\u00a0\u00bb{}\u00a0\u00bb][et_pb_text _builder_version=\u00a0\u00bb4.23.1&Prime; _module_preset=\u00a0\u00bbdefault\u00a0\u00bb global_colors_info=\u00a0\u00bb{}\u00a0\u00bb]<\/p>\n<h1 style=\"text-align: center;\"><span style=\"color: #000080;\"><strong>Useful informations<\/strong><\/span><\/h1>\n<p>[\/et_pb_text][et_pb_text admin_label=\u00a0\u00bbText\u00a0\u00bb _builder_version=\u00a0\u00bb4.23.1&Prime; _module_preset=\u00a0\u00bbdefault\u00a0\u00bb hover_enabled=\u00a0\u00bb0&Prime; global_colors_info=\u00a0\u00bb{}\u00a0\u00bb sticky_enabled=\u00a0\u00bb0&Prime;]<\/p>\n<h3 data-section-id=\"1qsa0qn\" data-start=\"1742\" data-end=\"1758\" style=\"text-align: center;\"><span role=\"text\"><strong data-start=\"1746\" data-end=\"1758\">Horaires<\/strong><\/span><\/h3>\n<p style=\"text-align: center;\">Journ\u00e9e compl\u00e8te : 9h\u201316h30<\/p>\n<p style=\"text-align: center;\">Garderie possible jusqu&rsquo;\u00e0 18h<\/p>\n<p style=\"text-align: center;\">Matin uniquement : 9h &#8211; 12h<\/p>\n<h3 data-section-id=\"yghetv\" data-start=\"1781\" data-end=\"1794\" style=\"text-align: center;\"><span role=\"text\"><strong data-start=\"1785\" data-end=\"1794\">Repas<\/strong><\/span><\/h3>\n<p data-start=\"1795\" data-end=\"1840\" style=\"text-align: center;\">D\u00e9jeuner apport\u00e9 par la famille en lunch box.<\/p>\n<p data-start=\"1795\" data-end=\"1840\" style=\"text-align: center;\">Un moment convivial pour partager et \u00e9changer entre enfants.<\/p>\n<h3 data-section-id=\"17nhbbn\" data-start=\"1842\" data-end=\"1854\" style=\"text-align: center;\"><span role=\"text\"><strong data-start=\"1846\" data-end=\"1854\">Lieu<\/strong><\/span><\/h3>\n<p data-start=\"1855\" data-end=\"1917\" style=\"text-align: center;\">Junior Academy<br data-start=\"1869\" data-end=\"1872\" \/>2 chemin de Lorette<br data-start=\"1891\" data-end=\"1894\" \/>69230 Saint-Genis-Laval<\/p>\n<p>[\/et_pb_text][\/et_pb_column][\/et_pb_row][et_pb_row column_structure=\u00a0\u00bb1_2,1_2&Prime; admin_label=\u00a0\u00bbLigne\u00a0\u00bb _builder_version=\u00a0\u00bb4.23.1&Prime; _module_preset=\u00a0\u00bbdefault\u00a0\u00bb global_colors_info=\u00a0\u00bb{}\u00a0\u00bb][et_pb_column type=\u00a0\u00bb1_2&Prime; _builder_version=\u00a0\u00bb4.23.1&Prime; _module_preset=\u00a0\u00bbdefault\u00a0\u00bb global_colors_info=\u00a0\u00bb{}\u00a0\u00bb][et_pb_cta title=\u00a0\u00bbInscription annuelle\u00a0\u00bb button_url=\u00a0\u00bbhttps:\/\/6075def1.sibforms.com\/serve\/MUIFAAr_d-ciqVIyW7HOA6PHL6Clg8rUrrdn9oWyOq8AashRX_cfCX33PhHuVpeSPUpczz6d2RbJnwaYNBN7-AyXHGJqN8U0ShF-PHHTDnw3b8s2W6Xz8mRrQoDopNkYCfJ7c7GEJF5SLcYnVgXAFy1fxKgLOZ-96VUv4nbrCbpmDYX_W_Ov0LehQ47kytSFtE8wVJXA-Qdg_zNp\u00a0\u00bb url_new_window=\u00a0\u00bbon\u00a0\u00bb button_text=\u00a0\u00bbInscrire mon enfant \u00e0 l\u2019ann\u00e9e\u00a0\u00bb _builder_version=\u00a0\u00bb4.23.1&Prime; _module_preset=\u00a0\u00bbdefault\u00a0\u00bb background_color=\u00a0\u00bbrgba(0,0,0,0.45)\u00a0\u00bb background_image=\u00a0\u00bbhttps:\/\/junioracademy.fr\/wp-content\/uploads\/2026\/03\/girl-with-easter-garland-scaled.jpg\u00a0\u00bb background_blend=\u00a0\u00bbmultiply\u00a0\u00bb custom_button=\u00a0\u00bbon\u00a0\u00bb button_text_color=\u00a0\u00bb#FFFFFF\u00a0\u00bb button_bg_color=\u00a0\u00bb#cd6b55&Prime; button_border_color=\u00a0\u00bbRGBA(255,255,255,0)\u00a0\u00bb link_option_url_new_window=\u00a0\u00bbon\u00a0\u00bb hover_enabled=\u00a0\u00bb0&Prime; locked=\u00a0\u00bboff\u00a0\u00bb global_colors_info=\u00a0\u00bb{}\u00a0\u00bb sticky_enabled=\u00a0\u00bb0&Prime;]<\/p>\n<p data-start=\"214\" data-end=\"361\">Offrez \u00e0 votre enfant une place r\u00e9guli\u00e8re tout au long de l\u2019ann\u00e9e, avec un accompagnement sur <strong data-start=\"308\" data-end=\"358\">environ 36 mercredis (hors vacances scolaires)<\/strong>.<\/p>\n<p data-start=\"363\" data-end=\"490\">Un format id\u00e9al pour construire des rep\u00e8res, progresser en confiance et s\u2019inscrire dans une v\u00e9ritable continuit\u00e9 p\u00e9dagogique.<\/p>\n<p data-start=\"492\" data-end=\"654\">\ud83d\udc49 Compl\u00e9tez le formulaire ci-dessous pour faire votre demande d\u2019inscription.<br data-start=\"569\" data-end=\"572\" \/>Un lien de paiement vous sera ensuite envoy\u00e9 par email selon la formule choisie.<\/p>\n<h3 data-section-id=\"qg8vok\" data-start=\"661\" data-end=\"697\"><span style=\"text-decoration: underline;\"><span role=\"text\" style=\"font-size: medium;\"><strong data-start=\"665\" data-end=\"695\">Choisissez votre formule :<\/strong><\/span><\/span><\/h3>\n<p data-start=\"698\" data-end=\"735\">\u2714 Demi-journ\u00e9e<br data-start=\"712\" data-end=\"715\" \/>\u2714 Journ\u00e9e compl\u00e8te<\/p>\n<h3 data-section-id=\"1lhghfz\" data-start=\"742\" data-end=\"768\"><span role=\"text\" style=\"font-size: medium;\"><strong data-start=\"746\" data-end=\"766\">Avantage famille<\/strong><\/span><\/h3>\n<p data-start=\"769\" data-end=\"841\">Une r\u00e9duction de <strong data-start=\"786\" data-end=\"793\">5 %<\/strong> est appliqu\u00e9e \u00e0 partir de 2 enfants inscrits.<\/p>\n<p>[\/et_pb_cta][\/et_pb_column][et_pb_column type=\u00a0\u00bb1_2&Prime; _builder_version=\u00a0\u00bb4.23.1&Prime; _module_preset=\u00a0\u00bbdefault\u00a0\u00bb global_colors_info=\u00a0\u00bb{}\u00a0\u00bb][et_pb_cta title=\u00a0\u00bbR\u00e9servation \u00e0 la carte\u00a0\u00bb button_url=\u00a0\u00bbhttps:\/\/6075def1.sibforms.com\/serve\/MUIFAD-VlEIIzNX_chnr4-SxUQP8ltxBVFaSOjlk4gue8LFRSGPECcwmeQOoe3PVE35V4jK-crmhjAw4sAuKRxYHstAx29qnRpwvrYJhuG9r5JeGJAuRzRdIWLzqf0YE4ftr4wM7AnJ0h25-vc0ao6oT91gUl92Tvfo37rTih1xv8njY7y8S5pu-s-tYZEUSCJp3WbgSGzejGCPU\u00a0\u00bb button_text=\u00a0\u00bbR\u00e9server un mercredi\u00a0\u00bb _builder_version=\u00a0\u00bb4.23.1&Prime; _module_preset=\u00a0\u00bbdefault\u00a0\u00bb background_color=\u00a0\u00bbrgba(0,0,0,0.45)\u00a0\u00bb background_image=\u00a0\u00bbhttps:\/\/junioracademy.fr\/wp-content\/uploads\/2026\/03\/cheerful-girl-with-painted-eggs-scaled.jpg\u00a0\u00bb background_blend=\u00a0\u00bbmultiply\u00a0\u00bb custom_button=\u00a0\u00bbon\u00a0\u00bb button_text_color=\u00a0\u00bb#FFFFFF\u00a0\u00bb button_bg_color=\u00a0\u00bb#cd6b55&Prime; button_border_color=\u00a0\u00bbRGBA(255,255,255,0)\u00a0\u00bb link_option_url_new_window=\u00a0\u00bbon\u00a0\u00bb hover_enabled=\u00a0\u00bb0&Prime; global_colors_info=\u00a0\u00bb{}\u00a0\u00bb sticky_enabled=\u00a0\u00bb0&Prime;]<\/p>\n<p data-start=\"848\" data-end=\"984\">Une formule flexible pour permettre \u00e0 votre enfant de d\u00e9couvrir les ateliers Junior Academy ou de participer selon vos disponibilit\u00e9s.<\/p>\n<p data-start=\"986\" data-end=\"1137\">Choisissez les mercredis qui vous conviennent, en demi-journ\u00e9e ou en journ\u00e9e compl\u00e8te, tout en b\u00e9n\u00e9ficiant de la qualit\u00e9 p\u00e9dagogique de nos ateliers.<\/p>\n<p data-start=\"1139\" data-end=\"1287\">\ud83d\udc49 Remplissez le formulaire ci-dessous pour faire votre demande.<\/p>\n<p data-start=\"1139\" data-end=\"1287\"><span style=\"text-decoration: underline;\"><strong>Places limit\u00e9es \u2013 priorit\u00e9 donn\u00e9e aux inscriptions annuelles<\/strong><\/span><\/p>\n<p data-start=\"1139\" data-end=\"1287\">Nous vous transmettrons ensuite les modalit\u00e9s pour confirmer votre r\u00e9servation.<\/p>\n<ul data-start=\"3747\" data-end=\"3817\"><\/ul>\n<p>&nbsp;<\/p>\n<p>[\/et_pb_cta][\/et_pb_column][\/et_pb_row][et_pb_row _builder_version=\u00a0\u00bb4.23.1&Prime; _module_preset=\u00a0\u00bbdefault\u00a0\u00bb global_colors_info=\u00a0\u00bb{}\u00a0\u00bb][et_pb_column type=\u00a0\u00bb4_4&Prime; _builder_version=\u00a0\u00bb4.23.1&Prime; _module_preset=\u00a0\u00bbdefault\u00a0\u00bb global_colors_info=\u00a0\u00bb{}\u00a0\u00bb][et_pb_text _builder_version=\u00a0\u00bb4.23.1&Prime; _module_preset=\u00a0\u00bbdefault\u00a0\u00bb global_colors_info=\u00a0\u00bb{}\u00a0\u00bb]<\/p>\n<h1 style=\"text-align: center;\">Pourquoi choisir les ateliers du mercredi ?<\/h1>\n<p>&nbsp;<\/p>\n<p>[\/et_pb_text][\/et_pb_column][\/et_pb_row][et_pb_row column_structure=\u00a0\u00bb1_3,1_3,1_3&Prime; _builder_version=\u00a0\u00bb4.23.1&Prime; _module_preset=\u00a0\u00bbdefault\u00a0\u00bb global_colors_info=\u00a0\u00bb{}\u00a0\u00bb][et_pb_column type=\u00a0\u00bb1_3&Prime; _builder_version=\u00a0\u00bb4.23.1&Prime; _module_preset=\u00a0\u00bbdefault\u00a0\u00bb global_colors_info=\u00a0\u00bb{}\u00a0\u00bb][et_pb_text admin_label=\u00a0\u00bbText\u00a0\u00bb _builder_version=\u00a0\u00bb4.23.1&Prime; _module_preset=\u00a0\u00bbdefault\u00a0\u00bb global_colors_info=\u00a0\u00bb{}\u00a0\u00bb]<\/p>\n<h3 data-section-id=\"1kisy82\" data-start=\"3916\" data-end=\"3949\" style=\"text-align: center;\"><span role=\"text\"><strong data-start=\"3920\" data-end=\"3949\">Une continuit\u00e9 rassurante<\/strong><\/span><\/h3>\n<p data-start=\"3950\" data-end=\"4128\" style=\"text-align: center;\">Votre enfant retrouve chaque semaine un cadre familier qui favorise sa concentration, renforce sa confiance et lui permet de progresser sereinement \u00e0 son rythme.<\/p>\n<p>[\/et_pb_text][\/et_pb_column][et_pb_column type=\u00a0\u00bb1_3&Prime; _builder_version=\u00a0\u00bb4.23.1&Prime; _module_preset=\u00a0\u00bbdefault\u00a0\u00bb global_colors_info=\u00a0\u00bb{}\u00a0\u00bb][et_pb_text admin_label=\u00a0\u00bbText\u00a0\u00bb _builder_version=\u00a0\u00bb4.23.1&Prime; _module_preset=\u00a0\u00bbdefault\u00a0\u00bb global_colors_info=\u00a0\u00bb{}\u00a0\u00bb]<\/p>\n<h3 data-section-id=\"mgmh90\" data-start=\"4130\" data-end=\"4169\" style=\"text-align: center;\"><span role=\"text\"><strong data-start=\"4134\" data-end=\"4169\">Une approche Montessori vivante<\/strong><\/span><\/h3>\n<p data-start=\"4170\" data-end=\"4304\" style=\"text-align: center;\">Les activit\u00e9s propos\u00e9es valorisent l\u2019autonomie, la manipulation, l\u2019exploration, la curiosit\u00e9 et le respect du rythme de chaque enfant.<\/p>\n<p>[\/et_pb_text][\/et_pb_column][et_pb_column type=\u00a0\u00bb1_3&Prime; _builder_version=\u00a0\u00bb4.23.1&Prime; _module_preset=\u00a0\u00bbdefault\u00a0\u00bb global_colors_info=\u00a0\u00bb{}\u00a0\u00bb][et_pb_text admin_label=\u00a0\u00bbText\u00a0\u00bb _builder_version=\u00a0\u00bb4.23.1&Prime; _module_preset=\u00a0\u00bbdefault\u00a0\u00bb global_colors_info=\u00a0\u00bb{}\u00a0\u00bb]<\/p>\n<h3 data-section-id=\"1i6iv6e\" data-start=\"4306\" data-end=\"4346\" style=\"text-align: center;\"><span role=\"text\"><strong data-start=\"4310\" data-end=\"4346\">Une immersion bilingue naturelle<\/strong><\/span><\/h3>\n<p data-start=\"1210\" data-end=\"1345\" style=\"text-align: center;\">Votre enfant d\u00e9couvre et pratique l\u2019anglais au quotidien, \u00e0 travers des situations concr\u00e8tes, des \u00e9changes et des activit\u00e9s vivantes.<\/p>\n<p data-start=\"1347\" data-end=\"1418\" style=\"text-align: center;\">Votre enfant gagne en confiance et d\u00e9veloppe une aisance naturelle \u00e0 l\u2019oral.<\/p>\n<p>[\/et_pb_text][\/et_pb_column][\/et_pb_row][et_pb_row _builder_version=\u00a0\u00bb4.23.1&Prime; _module_preset=\u00a0\u00bbdefault\u00a0\u00bb global_colors_info=\u00a0\u00bb{}\u00a0\u00bb][et_pb_column type=\u00a0\u00bb4_4&Prime; _builder_version=\u00a0\u00bb4.23.1&Prime; _module_preset=\u00a0\u00bbdefault\u00a0\u00bb global_colors_info=\u00a0\u00bb{}\u00a0\u00bb][et_pb_text _builder_version=\u00a0\u00bb4.23.1&Prime; _module_preset=\u00a0\u00bbdefault\u00a0\u00bb text_text_color=\u00a0\u00bb#000000&Prime; text_orientation=\u00a0\u00bbcenter\u00a0\u00bb global_colors_info=\u00a0\u00bb{}\u00a0\u00bb]<\/p>\n<p data-start=\"540\" data-end=\"589\"><span style=\"font-size: large;\"><strong data-start=\"540\" data-end=\"587\">Besoin d\u2019\u00eatre accompagn\u00e9 dans votre choix ?<\/strong><\/span><\/p>\n<p data-start=\"591\" data-end=\"745\">Chaque enfant est unique. Nous vous aidons \u00e0 choisir la formule la plus adapt\u00e9e pour lui offrir une exp\u00e9rience \u00e0 la fois enrichissante et \u00e9panouissante.<\/p>\n<p data-start=\"747\" data-end=\"820\">\ud83d\udc49 Contactez-nous pour un \u00e9change personnalis\u00e9 :<br data-start=\"795\" data-end=\"798\" \/>\ud83d\udcde +33 6 20 46 35 80<\/p>\n<p style=\"margin: 0px; font-size: 18px; line-height: 1.7; text-align: center;\">\n<p>[\/et_pb_text][\/et_pb_column][\/et_pb_row][\/et_pb_section]<\/p>","protected":false},"excerpt":{"rendered":"<p>Ateliers du mercredi Offrez \u00e0 votre enfant des mercredis riches en d\u00e9couvertes Dans un environnement bilingue immersif, votre enfant vit l\u2019anglais au quotidien, de mani\u00e8re naturelle et spontan\u00e9e. \u00c0 travers des activit\u00e9s concr\u00e8tes, des interactions et des exp\u00e9riences vari\u00e9es, il int\u00e8gre la langue sans effort, tout en explorant, cr\u00e9ant et apprenant \u00e0 son rythme. Inspir\u00e9s [&hellip;]<\/p>","protected":false},"author":1,"featured_media":0,"parent":1603,"menu_order":0,"comment_status":"closed","ping_status":"closed","template":"","meta":{"_et_pb_use_builder":"on","_et_pb_old_content":"","_et_gb_content_width":""},"_links":{"self":[{"href":"https:\/\/junioracademy.fr\/en\/wp-json\/wp\/v2\/pages\/1641"}],"collection":[{"href":"https:\/\/junioracademy.fr\/en\/wp-json\/wp\/v2\/pages"}],"about":[{"href":"https:\/\/junioracademy.fr\/en\/wp-json\/wp\/v2\/types\/page"}],"author":[{"embeddable":true,"href":"https:\/\/junioracademy.fr\/en\/wp-json\/wp\/v2\/users\/1"}],"replies":[{"embeddable":true,"href":"https:\/\/junioracademy.fr\/en\/wp-json\/wp\/v2\/comments?post=1641"}],"version-history":[{"count":8,"href":"https:\/\/junioracademy.fr\/en\/wp-json\/wp\/v2\/pages\/1641\/revisions"}],"predecessor-version":[{"id":1761,"href":"https:\/\/junioracademy.fr\/en\/wp-json\/wp\/v2\/pages\/1641\/revisions\/1761"}],"up":[{"embeddable":true,"href":"https:\/\/junioracademy.fr\/en\/wp-json\/wp\/v2\/pages\/1603"}],"wp:attachment":[{"href":"https:\/\/junioracademy.fr\/en\/wp-json\/wp\/v2\/media?parent=1641"}],"curies":[{"name":"wp","href":"https:\/\/api.w.org\/{rel}","templated":true}]}}