{"id":1646,"date":"2026-04-08T14:02:12","date_gmt":"2026-04-08T12:02:12","guid":{"rendered":"https:\/\/junioracademy.fr\/?page_id=1646"},"modified":"2026-04-08T16:36:54","modified_gmt":"2026-04-08T14:36:54","slug":"ateliers-vacances","status":"publish","type":"page","link":"https:\/\/junioracademy.fr\/en\/nos-ateliers-montessori\/ateliers-vacances\/","title":{"rendered":"Ateliers de vacances"},"content":{"rendered":"<p>[et_pb_section fb_built=\u00a0\u00bb1&Prime; _builder_version=\u00a0\u00bb4.23.1&Prime; _module_preset=\u00a0\u00bbdefault\u00a0\u00bb global_colors_info=\u00a0\u00bb{}\u00a0\u00bb][et_pb_row _builder_version=\u00a0\u00bb4.23.1&Prime; _module_preset=\u00a0\u00bbdefault\u00a0\u00bb global_colors_info=\u00a0\u00bb{}\u00a0\u00bb][et_pb_column type=\u00a0\u00bb4_4&Prime; _builder_version=\u00a0\u00bb4.23.1&Prime; _module_preset=\u00a0\u00bbdefault\u00a0\u00bb global_colors_info=\u00a0\u00bb{}\u00a0\u00bb][et_pb_text _builder_version=\u00a0\u00bb4.23.1&Prime; _module_preset=\u00a0\u00bbdefault\u00a0\u00bb global_colors_info=\u00a0\u00bb{}\u00a0\u00bb]<\/p>\n<h1 data-start=\"1472\" data-end=\"1496\" style=\"text-align: center;\"><span style=\"color: #000080;\"><strong data-start=\"1472\" data-end=\"1496\">Ateliers de vacances<\/strong><\/span><\/h1>\n<p data-start=\"1519\" data-end=\"1611\" style=\"text-align: center;\"><strong>Offrez \u00e0 votre enfant des vacances enrichissantes dans un environnement Montessori bilingue.<\/strong><\/p>\n<p data-start=\"1613\" data-end=\"1999\" style=\"text-align: center;\">Les ateliers de vacances de Junior Academy accueillent les enfants de 3 \u00e0 9 ans autour d\u2019activit\u00e9s p\u00e9dagogiques, cr\u00e9atives et immersives en fran\u00e7ais et en anglais. Pens\u00e9s comme des temps de d\u00e9couverte, d\u2019exploration et d\u2019apprentissage vivant, ils permettent \u00e0 chaque enfant d\u2019\u00e9voluer \u00e0 son rythme dans un cadre<\/p>\n<p>[\/et_pb_text][\/et_pb_column][\/et_pb_row][et_pb_row column_structure=\u00a0\u00bb1_4,1_4,1_4,1_4&Prime; _builder_version=\u00a0\u00bb4.23.1&Prime; _module_preset=\u00a0\u00bbdefault\u00a0\u00bb global_colors_info=\u00a0\u00bb{}\u00a0\u00bb][et_pb_column type=\u00a0\u00bb1_4&Prime; _builder_version=\u00a0\u00bb4.23.1&Prime; _module_preset=\u00a0\u00bbdefault\u00a0\u00bb global_colors_info=\u00a0\u00bb{}\u00a0\u00bb][et_pb_text admin_label=\u00a0\u00bbText\u00a0\u00bb _builder_version=\u00a0\u00bb4.23.1&Prime; _module_preset=\u00a0\u00bbdefault\u00a0\u00bb global_colors_info=\u00a0\u00bb{}\u00a0\u00bb]<\/p>\n<h2 style=\"text-align: center;\"><strong><span style=\"color: #000080;\">Vacances d\u2019hiver<\/span><\/strong><\/h2>\n<p>[\/et_pb_text][et_pb_image src=\u00a0\u00bbhttps:\/\/junioracademy.fr\/wp-content\/uploads\/2026\/04\/Ninos-construyendo-un-hombre-de-nieve.png\u00a0\u00bb title_text=\u00a0\u00bbNi\u00f1os construyendo un hombre de nieve\u00a0\u00bb admin_label=\u00a0\u00bbImage\u00a0\u00bb _builder_version=\u00a0\u00bb4.23.1&Prime; _module_preset=\u00a0\u00bbdefault\u00a0\u00bb global_colors_info=\u00a0\u00bb{}\u00a0\u00bb][\/et_pb_image][et_pb_text _builder_version=\u00a0\u00bb4.23.1&Prime; _module_preset=\u00a0\u00bbdefault\u00a0\u00bb global_colors_info=\u00a0\u00bb{}\u00a0\u00bb]<\/p>\n<p style=\"text-align: center;\">Du <strong data-start=\"2072\" data-end=\"2096\">9 au 13 f\u00e9vrier 2026<\/strong><br data-start=\"2096\" data-end=\"2099\" \/><strong data-start=\"2099\" data-end=\"2120\">Winter Wonderland<\/strong> \u2744\ufe0f\u2603\ufe0f<\/p>\n<p>[\/et_pb_text][\/et_pb_column][et_pb_column type=\u00a0\u00bb1_4&Prime; _builder_version=\u00a0\u00bb4.23.1&Prime; _module_preset=\u00a0\u00bbdefault\u00a0\u00bb global_colors_info=\u00a0\u00bb{}\u00a0\u00bb][et_pb_text admin_label=\u00a0\u00bbText\u00a0\u00bb _builder_version=\u00a0\u00bb4.23.1&Prime; _module_preset=\u00a0\u00bbdefault\u00a0\u00bb global_colors_info=\u00a0\u00bb{}\u00a0\u00bb]<\/p>\n<h2><strong><span style=\"color: #000080;\">Vacances de printemps<\/span><\/strong><\/h2>\n<p>[\/et_pb_text][et_pb_image src=\u00a0\u00bbhttps:\/\/junioracademy.fr\/wp-content\/uploads\/2026\/04\/Ninos-jugando-con-huevos-de-Pascua.png\u00a0\u00bb title_text=\u00a0\u00bbNi\u00f1os jugando con huevos de Pascua\u00a0\u00bb _builder_version=\u00a0\u00bb4.23.1&Prime; _module_preset=\u00a0\u00bbdefault\u00a0\u00bb global_colors_info=\u00a0\u00bb{}\u00a0\u00bb][\/et_pb_image][et_pb_text _builder_version=\u00a0\u00bb4.23.1&Prime; _module_preset=\u00a0\u00bbdefault\u00a0\u00bb global_colors_info=\u00a0\u00bb{}\u00a0\u00bb]<\/p>\n<p style=\"text-align: center;\">Du <strong data-start=\"2158\" data-end=\"2180\">7 au 10 avril 2026<\/strong><br data-start=\"2180\" data-end=\"2183\" \/><strong data-start=\"2183\" data-end=\"2209\">Spring Nature &amp; Easter<\/strong> \ud83d\udc23\ud83c\udf31<\/p>\n<p>[\/et_pb_text][\/et_pb_column][et_pb_column type=\u00a0\u00bb1_4&Prime; _builder_version=\u00a0\u00bb4.23.1&Prime; _module_preset=\u00a0\u00bbdefault\u00a0\u00bb global_colors_info=\u00a0\u00bb{}\u00a0\u00bb][et_pb_text _builder_version=\u00a0\u00bb4.23.1&Prime; _module_preset=\u00a0\u00bbdefault\u00a0\u00bb global_colors_info=\u00a0\u00bb{}\u00a0\u00bb]<\/p>\n<h2 style=\"text-align: center;\"><strong><span style=\"color: #000080;\">Vacances d\u2019\u00e9t\u00e9<\/span><\/strong><\/h2>\n<p>[\/et_pb_text][et_pb_image src=\u00a0\u00bbhttps:\/\/junioracademy.fr\/wp-content\/uploads\/2026\/04\/Explorando-en-el-jardin-veraniego.png\u00a0\u00bb title_text=\u00a0\u00bbExplorando en el jard\u00edn veraniego\u00a0\u00bb _builder_version=\u00a0\u00bb4.23.1&Prime; _module_preset=\u00a0\u00bbdefault\u00a0\u00bb global_colors_info=\u00a0\u00bb{}\u00a0\u00bb][\/et_pb_image][et_pb_text _builder_version=\u00a0\u00bb4.23.1&Prime; _module_preset=\u00a0\u00bbdefault\u00a0\u00bb global_colors_info=\u00a0\u00bb{}\u00a0\u00bb]<\/p>\n<p style=\"text-align: center;\">Du <strong data-start=\"2240\" data-end=\"2264\">6 au 31 juillet 2026<\/strong><br data-start=\"2264\" data-end=\"2267\" \/><strong data-start=\"2267\" data-end=\"2288\">Summer Adventures<\/strong> \ud83c\udf0d\ud83c\udfd6\ufe0f<\/p>\n<p>[\/et_pb_text][\/et_pb_column][et_pb_column type=\u00a0\u00bb1_4&Prime; _builder_version=\u00a0\u00bb4.23.1&Prime; _module_preset=\u00a0\u00bbdefault\u00a0\u00bb global_colors_info=\u00a0\u00bb{}\u00a0\u00bb][et_pb_text _builder_version=\u00a0\u00bb4.23.1&Prime; _module_preset=\u00a0\u00bbdefault\u00a0\u00bb hover_enabled=\u00a0\u00bb0&Prime; global_colors_info=\u00a0\u00bb{}\u00a0\u00bb sticky_enabled=\u00a0\u00bb0&Prime;]<\/p>\n<h2 style=\"text-align: center;\"><strong><span style=\"color: #000080;\">Vacances d\u2019\u00e9t\u00e9<\/span><\/strong><\/h2>\n<p>[\/et_pb_text][et_pb_image src=\u00a0\u00bbhttps:\/\/junioracademy.fr\/wp-content\/uploads\/2026\/04\/Explorando-en-el-jardin-veraniego.png\u00a0\u00bb title_text=\u00a0\u00bbExplorando en el jard\u00edn veraniego\u00a0\u00bb _builder_version=\u00a0\u00bb4.23.1&Prime; _module_preset=\u00a0\u00bbdefault\u00a0\u00bb global_colors_info=\u00a0\u00bb{}\u00a0\u00bb][\/et_pb_image][et_pb_text _builder_version=\u00a0\u00bb4.23.1&Prime; _module_preset=\u00a0\u00bbdefault\u00a0\u00bb global_colors_info=\u00a0\u00bb{}\u00a0\u00bb]<\/p>\n<p style=\"text-align: center;\">Du <strong data-start=\"2240\" data-end=\"2264\">6 au 31 juillet 2026<\/strong><br data-start=\"2264\" data-end=\"2267\" \/><strong data-start=\"2267\" data-end=\"2288\">Summer Adventures<\/strong> \ud83c\udf0d\ud83c\udfd6\ufe0f<\/p>\n<p>[\/et_pb_text][\/et_pb_column][\/et_pb_row][et_pb_row _builder_version=\u00a0\u00bb4.23.1&Prime; _module_preset=\u00a0\u00bbdefault\u00a0\u00bb global_colors_info=\u00a0\u00bb{}\u00a0\u00bb][et_pb_column type=\u00a0\u00bb4_4&Prime; _builder_version=\u00a0\u00bb4.23.1&Prime; _module_preset=\u00a0\u00bbdefault\u00a0\u00bb global_colors_info=\u00a0\u00bb{}\u00a0\u00bb][et_pb_text _builder_version=\u00a0\u00bb4.23.1&Prime; _module_preset=\u00a0\u00bbdefault\u00a0\u00bb global_colors_info=\u00a0\u00bb{}\u00a0\u00bb]<\/p>\n<h1 style=\"text-align: center;\"><strong><span style=\"color: #000080;\">Pour qui ?<\/span><\/strong><\/h1>\n<p>[\/et_pb_text][\/et_pb_column][\/et_pb_row][et_pb_row column_structure=\u00a0\u00bb1_2,1_2&Prime; _builder_version=\u00a0\u00bb4.23.1&Prime; _module_preset=\u00a0\u00bbdefault\u00a0\u00bb global_colors_info=\u00a0\u00bb{}\u00a0\u00bb][et_pb_column type=\u00a0\u00bb1_2&Prime; _builder_version=\u00a0\u00bb4.23.1&Prime; _module_preset=\u00a0\u00bbdefault\u00a0\u00bb global_colors_info=\u00a0\u00bb{}\u00a0\u00bb][et_pb_text _builder_version=\u00a0\u00bb4.23.1&Prime; _module_preset=\u00a0\u00bbdefault\u00a0\u00bb global_colors_info=\u00a0\u00bb{}\u00a0\u00bb]<\/p>\n<h3 data-section-id=\"1lf5dwa\" data-start=\"2365\" data-end=\"2402\" style=\"text-align: center;\"><span role=\"text\"><strong data-start=\"2369\" data-end=\"2402\">Pour les enfants de 3 \u00e0 5 ans<\/strong><\/span><\/h3>\n<p data-start=\"2403\" data-end=\"2627\" style=\"text-align: center;\">Les plus jeunes \u00e9voluent dans un environnement pr\u00e9par\u00e9 qui soutient le d\u00e9veloppement sensoriel, la motricit\u00e9 fine, le langage, les premi\u00e8res notions math\u00e9matiques et l\u2019\u00e9veil \u00e0 l\u2019anglais.<\/p>\n<p>[\/et_pb_text][\/et_pb_column][et_pb_column type=\u00a0\u00bb1_2&Prime; _builder_version=\u00a0\u00bb4.23.1&Prime; _module_preset=\u00a0\u00bbdefault\u00a0\u00bb global_colors_info=\u00a0\u00bb{}\u00a0\u00bb][et_pb_text _builder_version=\u00a0\u00bb4.23.1&Prime; _module_preset=\u00a0\u00bbdefault\u00a0\u00bb global_colors_info=\u00a0\u00bb{}\u00a0\u00bb]<\/p>\n<h3 data-section-id=\"14c95zk\" data-start=\"2629\" data-end=\"2666\" style=\"text-align: center;\"><span role=\"text\"><strong data-start=\"2633\" data-end=\"2666\">Pour les enfants de 5 \u00e0 9 ans<\/strong><\/span><\/h3>\n<p data-start=\"2667\" data-end=\"2886\" style=\"text-align: center;\">Les plus grands d\u00e9couvrent l\u2019anglais \u00e0 travers des activit\u00e9s vari\u00e9es, ludiques et interactives, dans un cadre qui stimule leur curiosit\u00e9, leur confiance et leur plaisir d\u2019apprendre. <span class=\"\" data-state=\"closed\"><\/span><\/p>\n<p>[\/et_pb_text][\/et_pb_column][\/et_pb_row][et_pb_row _builder_version=\u00a0\u00bb4.23.1&Prime; _module_preset=\u00a0\u00bbdefault\u00a0\u00bb global_colors_info=\u00a0\u00bb{}\u00a0\u00bb][et_pb_column type=\u00a0\u00bb4_4&Prime; _builder_version=\u00a0\u00bb4.23.1&Prime; _module_preset=\u00a0\u00bbdefault\u00a0\u00bb global_colors_info=\u00a0\u00bb{}\u00a0\u00bb][et_pb_text admin_label=\u00a0\u00bbText\u00a0\u00bb _builder_version=\u00a0\u00bb4.23.1&Prime; _module_preset=\u00a0\u00bbdefault\u00a0\u00bb global_colors_info=\u00a0\u00bb{}\u00a0\u00bb]<\/p>\n<h1 style=\"text-align: center;\"><strong><span style=\"color: #000080;\">Horaires et informations pratiques<\/span><\/strong><\/h1>\n<p>[\/et_pb_text][\/et_pb_column][\/et_pb_row][et_pb_row column_structure=\u00a0\u00bb1_2,1_2&Prime; _builder_version=\u00a0\u00bb4.23.1&Prime; _module_preset=\u00a0\u00bbdefault\u00a0\u00bb global_colors_info=\u00a0\u00bb{}\u00a0\u00bb][et_pb_column type=\u00a0\u00bb1_2&Prime; _builder_version=\u00a0\u00bb4.23.1&Prime; _module_preset=\u00a0\u00bbdefault\u00a0\u00bb global_colors_info=\u00a0\u00bb{}\u00a0\u00bb][et_pb_text _builder_version=\u00a0\u00bb4.23.1&Prime; _module_preset=\u00a0\u00bbdefault\u00a0\u00bb global_colors_info=\u00a0\u00bb{}\u00a0\u00bb]<\/p>\n<p style=\"text-align: center;\"><strong data-start=\"2943\" data-end=\"2955\">Horaires<\/strong><br data-start=\"2955\" data-end=\"2958\" \/>9h\u201312h et 13h30\u201316h30<\/p>\n<p style=\"text-align: center;\"><strong data-start=\"2981\" data-end=\"2990\">Repas<\/strong><br data-start=\"2990\" data-end=\"2993\" \/>Possibilit\u00e9 de d\u00e9jeuner sur place avec lunch box apport\u00e9e par la famille.<\/p>\n<p style=\"text-align: center;\"><strong data-start=\"3068\" data-end=\"3076\">Lieu<\/strong><br data-start=\"3076\" data-end=\"3079\" \/>Junior Academy<br data-start=\"3093\" data-end=\"3096\" \/>2 chemin de Lorette<br data-start=\"3115\" data-end=\"3118\" \/>69230 Saint-Genis-Laval<\/p>\n<p>[\/et_pb_text][\/et_pb_column][et_pb_column type=\u00a0\u00bb1_2&Prime; _builder_version=\u00a0\u00bb4.23.1&Prime; _module_preset=\u00a0\u00bbdefault\u00a0\u00bb global_colors_info=\u00a0\u00bb{}\u00a0\u00bb][et_pb_text _builder_version=\u00a0\u00bb4.23.1&Prime; _module_preset=\u00a0\u00bbdefault\u00a0\u00bb global_colors_info=\u00a0\u00bb{}\u00a0\u00bb]<\/p>\n<p data-start=\"3281\" data-end=\"3304\" style=\"text-align: center;\"><strong data-start=\"3281\" data-end=\"3304\">Tarifs de r\u00e9f\u00e9rence<\/strong><\/p>\n<p style=\"text-align: center;\">Demi-journ\u00e9e : <strong data-start=\"3322\" data-end=\"3330\">26 \u20ac<\/strong><\/p>\n<p style=\"text-align: center;\">Journ\u00e9e compl\u00e8te : <strong data-start=\"3352\" data-end=\"3360\">47 \u20ac<\/strong><\/p>\n<p style=\"text-align: center;\">Semaine compl\u00e8te : <strong data-start=\"3382\" data-end=\"3391\">210 \u20ac<\/strong><\/p>\n<p data-start=\"3393\" data-end=\"3412\" style=\"text-align: center;\"><strong data-start=\"3393\" data-end=\"3412\">Cas particulier<\/strong><\/p>\n<p style=\"text-align: center;\">Vacances de printemps (du 7 au 10 avril 2026) : <strong data-start=\"3463\" data-end=\"3483\">170 \u20ac la semaine<\/strong>, en raison du lundi f\u00e9ri\u00e9<\/p>\n<p>&nbsp;<\/p>\n<p>[\/et_pb_text][\/et_pb_column][\/et_pb_row][et_pb_row _builder_version=\u00a0\u00bb4.23.1&Prime; _module_preset=\u00a0\u00bbdefault\u00a0\u00bb global_colors_info=\u00a0\u00bb{}\u00a0\u00bb][et_pb_column type=\u00a0\u00bb4_4&Prime; _builder_version=\u00a0\u00bb4.23.1&Prime; _module_preset=\u00a0\u00bbdefault\u00a0\u00bb global_colors_info=\u00a0\u00bb{}\u00a0\u00bb][et_pb_text _builder_version=\u00a0\u00bb4.23.1&Prime; _module_preset=\u00a0\u00bbdefault\u00a0\u00bb global_colors_info=\u00a0\u00bb{}\u00a0\u00bb]<\/p>\n<p data-start=\"3511\" data-end=\"3522\" style=\"text-align: center;\"><strong data-start=\"3511\" data-end=\"3522\">Options<\/strong><\/p>\n<p style=\"text-align: center;\">Garderie optionnelle : <strong data-start=\"3548\" data-end=\"3562\">6 \u20ac \/ jour<\/strong> (de 16h30 \u00e0 17h30)<\/p>\n<p style=\"text-align: center;\">(R\u00e9duction fratrie : <strong data-start=\"3604\" data-end=\"3611\">5 %)<\/strong> <span class=\"\" data-state=\"closed\"><\/span><\/p>\n<p>[\/et_pb_text][\/et_pb_column][\/et_pb_row][et_pb_row _builder_version=\u00a0\u00bb4.23.1&Prime; _module_preset=\u00a0\u00bbdefault\u00a0\u00bb global_colors_info=\u00a0\u00bb{}\u00a0\u00bb][et_pb_column type=\u00a0\u00bb4_4&Prime; _builder_version=\u00a0\u00bb4.23.1&Prime; _module_preset=\u00a0\u00bbdefault\u00a0\u00bb global_colors_info=\u00a0\u00bb{}\u00a0\u00bb][et_pb_cta title=\u00a0\u00bbAcc\u00e9der au formulaire de r\u00e9servation\u00a0\u00bb button_url=\u00a0\u00bbhttps:\/\/docs.google.com\/forms\/d\/e\/1FAIpQLSel_QUihY8tGG61wPbboP0EcoSaxZca_BYBsH5zct_3RlQluw\/viewform\u00a0\u00bb url_new_window=\u00a0\u00bbon\u00a0\u00bb button_text=\u00a0\u00bbJe m&rsquo;inscris\u00a0\u00bb _builder_version=\u00a0\u00bb4.23.1&Prime; _module_preset=\u00a0\u00bbdefault\u00a0\u00bb global_colors_info=\u00a0\u00bb{}\u00a0\u00bb]<\/p>\n<h2 data-section-id=\"tlnqs\" data-start=\"3873\" data-end=\"3906\" style=\"text-align: center;\">Comment r\u00e9server ?<\/h2>\n<p data-start=\"3907\" data-end=\"4005\" style=\"text-align: center;\">Pour inscrire votre enfant \u00e0 un atelier de vacances, merci de compl\u00e9ter notre formulaire en ligne.<\/p>\n<p data-start=\"4007\" data-end=\"4032\" style=\"text-align: center;\">Vous pourrez y pr\u00e9ciser :<\/p>\n<ul>\n<li>La ou les semaines souhait\u00e9es,<\/li>\n<li>Les jours demand\u00e9s,<\/li>\n<li>S\u2019il s\u2019agit de demi-journ\u00e9es, de journ\u00e9es compl\u00e8tes ou d\u2019une semaine compl\u00e8te,<\/li>\n<li>Ainsi que toute pr\u00e9cision utile concernant votre r\u00e9servation.<\/li>\n<\/ul>\n<p data-start=\"4234\" data-end=\"4375\" style=\"text-align: center;\">\u00c0 r\u00e9ception de votre demande, notre \u00e9quipe vous adressera les informations de paiement correspondantes.<\/p>\n<p>[\/et_pb_cta][et_pb_text _builder_version=\u00a0\u00bb4.23.1&Prime; _module_preset=\u00a0\u00bbdefault\u00a0\u00bb global_colors_info=\u00a0\u00bb{}\u00a0\u00bb]<\/p>\n<h1 data-start=\"4722\" data-end=\"4888\" style=\"text-align: center;\"><strong data-start=\"4722\" data-end=\"4758\">Une question avant de r\u00e9server ?<\/strong><\/h1>\n<p data-start=\"4722\" data-end=\"4888\" style=\"text-align: center;\"><br data-start=\"4758\" data-end=\"4761\" \/>Notre \u00e9quipe est \u00e0 votre disposition pour vous orienter vers la formule la plus adapt\u00e9e \u00e0 votre enfant et \u00e0 votre organisation.<\/p>\n<p data-start=\"4722\" data-end=\"4888\" style=\"text-align: center;\">\n<p data-start=\"4722\" data-end=\"4888\" style=\"text-align: center;\">\n<p data-start=\"4722\" data-end=\"4888\" style=\"text-align: center;\">\n<p data-start=\"4722\" data-end=\"4888\" style=\"text-align: center;\">\n<p data-start=\"4890\" data-end=\"4979\" style=\"text-align: center;\"><strong data-start=\"4890\" data-end=\"4918\"><a data-start=\"4892\" data-end=\"4916\" class=\"decorated-link cursor-pointer\" rel=\"noopener\">contact@junioracademy.fr<span aria-hidden=\"true\" class=\"ms-0.5 inline-block align-middle leading-none\"><svg xmlns=\"http:\/\/www.w3.org\/2000\/svg\" width=\"20\" height=\"20\" aria-hidden=\"true\" data-rtl-flip=\"\" class=\"block h-[0.75em] w-[0.75em] stroke-current stroke-[0.75]\"><use href=\"\/cdn\/assets\/sprites-core-dd80ba6x.svg#304883\" fill=\"currentColor\"><\/use><\/svg><\/span><\/a><\/strong><br data-start=\"4918\" data-end=\"4921\" \/><strong data-start=\"4921\" data-end=\"4939\">06 15 80 13 81<\/strong> <span class=\"\" data-state=\"delayed-open\" aria-describedby=\"radix-_r_3id_\"><\/span><\/p>\n<p data-start=\"4890\" data-end=\"4979\" style=\"text-align: center;\">\n<p data-start=\"4890\" data-end=\"4979\" style=\"text-align: center;\">\n<p data-start=\"4890\" data-end=\"4979\" style=\"text-align: center;\">\n<p data-start=\"4890\" data-end=\"4979\" style=\"text-align: center;\">\n<p data-start=\"4890\" data-end=\"4979\" style=\"text-align: center;\">[\/et_pb_text][\/et_pb_column][\/et_pb_row][\/et_pb_section]<\/p>","protected":false},"excerpt":{"rendered":"<p>Ateliers de vacances Offrez \u00e0 votre enfant des vacances enrichissantes dans un environnement Montessori bilingue. Les ateliers de vacances de Junior Academy accueillent les enfants de 3 \u00e0 9 ans autour d\u2019activit\u00e9s p\u00e9dagogiques, cr\u00e9atives et immersives en fran\u00e7ais et en anglais. Pens\u00e9s comme des temps de d\u00e9couverte, d\u2019exploration et d\u2019apprentissage vivant, ils permettent \u00e0 chaque [&hellip;]<\/p>","protected":false},"author":1,"featured_media":0,"parent":1603,"menu_order":0,"comment_status":"closed","ping_status":"closed","template":"","meta":{"_et_pb_use_builder":"on","_et_pb_old_content":"","_et_gb_content_width":""},"_links":{"self":[{"href":"https:\/\/junioracademy.fr\/en\/wp-json\/wp\/v2\/pages\/1646"}],"collection":[{"href":"https:\/\/junioracademy.fr\/en\/wp-json\/wp\/v2\/pages"}],"about":[{"href":"https:\/\/junioracademy.fr\/en\/wp-json\/wp\/v2\/types\/page"}],"author":[{"embeddable":true,"href":"https:\/\/junioracademy.fr\/en\/wp-json\/wp\/v2\/users\/1"}],"replies":[{"embeddable":true,"href":"https:\/\/junioracademy.fr\/en\/wp-json\/wp\/v2\/comments?post=1646"}],"version-history":[{"count":22,"href":"https:\/\/junioracademy.fr\/en\/wp-json\/wp\/v2\/pages\/1646\/revisions"}],"predecessor-version":[{"id":1763,"href":"https:\/\/junioracademy.fr\/en\/wp-json\/wp\/v2\/pages\/1646\/revisions\/1763"}],"up":[{"embeddable":true,"href":"https:\/\/junioracademy.fr\/en\/wp-json\/wp\/v2\/pages\/1603"}],"wp:attachment":[{"href":"https:\/\/junioracademy.fr\/en\/wp-json\/wp\/v2\/media?parent=1646"}],"curies":[{"name":"wp","href":"https:\/\/api.w.org\/{rel}","templated":true}]}}