{"id":371,"date":"2020-12-27T15:53:58","date_gmt":"2020-12-27T14:53:58","guid":{"rendered":"https:\/\/junioracademy.fr\/?page_id=371"},"modified":"2026-01-11T13:06:34","modified_gmt":"2026-01-11T12:06:34","slug":"lequipe-pedagogique","status":"publish","type":"page","link":"https:\/\/junioracademy.fr\/en\/notre-ecole\/lequipe-pedagogique\/","title":{"rendered":"The pedagogical team"},"content":{"rendered":"<p>[et_pb_section fb_built=\u00a0\u00bb1&Prime; disabled_on=\u00a0\u00bboff|off|off\u00a0\u00bb _builder_version=\u00a0\u00bb4.16&Prime; _module_preset=\u00a0\u00bbdefault\u00a0\u00bb background_image=\u00a0\u00bbhttps:\/\/junioracademy.fr\/wp-content\/uploads\/2020\/11\/amy-humphries-8ML_M_BRI-M-unsplash-1.jpg\u00a0\u00bb max_width_tablet=\u00a0\u00bb\u00a0\u00bb max_width_phone=\u00a0\u00bb\u00a0\u00bb max_width_last_edited=\u00a0\u00bbon|desktop\u00a0\u00bb module_alignment=\u00a0\u00bbleft\u00a0\u00bb custom_margin=\u00a0\u00bb||30px|||\u00a0\u00bb custom_padding=\u00a0\u00bb13px|272px|312px|||\u00a0\u00bb animation_style=\u00a0\u00bbfade\u00a0\u00bb animation_delay=\u00a0\u00bb1100ms\u00a0\u00bb animation_starting_opacity=\u00a0\u00bb17%\u00a0\u00bb global_colors_info=\u00a0\u00bb{}\u00a0\u00bb][\/et_pb_section][et_pb_section fb_built=\u00a0\u00bb1&Prime; _builder_version=\u00a0\u00bb4.16&Prime; _module_preset=\u00a0\u00bbdefault\u00a0\u00bb custom_padding=\u00a0\u00bb4px||0px|||\u00a0\u00bb global_colors_info=\u00a0\u00bb{}\u00a0\u00bb][et_pb_row _builder_version=\u00a0\u00bb4.16&Prime; _module_preset=\u00a0\u00bbdefault\u00a0\u00bb global_colors_info=\u00a0\u00bb{}\u00a0\u00bb][et_pb_column type=\u00a0\u00bb4_4&Prime; _builder_version=\u00a0\u00bb4.16&Prime; _module_preset=\u00a0\u00bbdefault\u00a0\u00bb global_colors_info=\u00a0\u00bb{}\u00a0\u00bb][et_pb_post_title meta=\u00a0\u00bboff\u00a0\u00bb _builder_version=\u00a0\u00bb4.16&Prime; _module_preset=\u00a0\u00bbdefault\u00a0\u00bb title_font=\u00a0\u00bb|700|||||||\u00a0\u00bb title_text_color=\u00a0\u00bb#273578&Prime; title_font_size=\u00a0\u00bb33px\u00a0\u00bb text_orientation=\u00a0\u00bbcenter\u00a0\u00bb global_colors_info=\u00a0\u00bb{}\u00a0\u00bb][\/et_pb_post_title][\/et_pb_column][\/et_pb_row][\/et_pb_section][et_pb_section fb_built=\u00a0\u00bb1&Prime; _builder_version=\u00a0\u00bb4.16&Prime; _module_preset=\u00a0\u00bbdefault\u00a0\u00bb global_colors_info=\u00a0\u00bb{}\u00a0\u00bb][et_pb_row _builder_version=\u00a0\u00bb4.16&Prime; _module_preset=\u00a0\u00bbdefault\u00a0\u00bb global_colors_info=\u00a0\u00bb{}\u00a0\u00bb][et_pb_column type=\u00a0\u00bb4_4&Prime; _builder_version=\u00a0\u00bb4.16&Prime; _module_preset=\u00a0\u00bbdefault\u00a0\u00bb global_colors_info=\u00a0\u00bb{}\u00a0\u00bb][et_pb_team_member name=\u00a0\u00bbSarah LATRECHE\u00a0\u00bb position=\u00a0\u00bbDirectrice administrative &#038; p\u00e9dagogique\u00a0\u00bb image_url=\u00a0\u00bbhttps:\/\/junioracademy.fr\/wp-content\/uploads\/2020\/12\/moi-e1608647339949.jpeg\u00a0\u00bb _builder_version=\u00a0\u00bb4.16&Prime; _module_preset=\u00a0\u00bbdefault\u00a0\u00bb header_level=\u00a0\u00bbh3&Prime; header_text_color=\u00a0\u00bb#f4a2a2&Prime; position_text_color=\u00a0\u00bb#f9b937&Prime; position_font_size=\u00a0\u00bb22px\u00a0\u00bb inline_fonts=\u00a0\u00bbABeeZee\u00a0\u00bb global_colors_info=\u00a0\u00bb{}\u00a0\u00bb]<\/p>\n<p><b style=\"font-size: 14px;\"><\/b><\/p>\n<ul>\n<li><b>Formation \u00ab\u00a0Educatrice 6\/12\u00a0\u00bb &#8211; Ressources Montessori\u00a0<\/b><b style=\"font-size: 14px;\"><\/b><\/li>\n<li><b style=\"font-size: 14px;\">Dipl\u00f4me AMI \u00ab\u00a0Educateur Montessori 3-6 ans\u00a0\u00bb<\/b><\/li>\n<li><span style=\"font-size: 14px;\"><strong>Graduated from a  Masters in Educational Sciences<\/strong><\/span><\/li>\n<\/ul>\n<p style=\"text-align: justify;\"><span style=\"font-size: medium; font-family: ABeeZee; font-weight: normal;\">\u00a0\u00ab\u00a0Maman de deux enfants et forte de plusieurs ann\u00e9es d&rsquo;exp\u00e9rience dans le champs de la formation et de l&rsquo;\u00e9ducation, je d\u00e9cide en 2018 de fonder une \u00e9cole respectant l&rsquo;individualit\u00e9, favorisant l&rsquo;inclusion et l&rsquo;apprentissage des langues d\u00e8s le plus jeune \u00e2ge.\u00a0\u00a0J&rsquo;aime apprendre, d\u00e9couvrir le monde et je souhaite aujourd&rsquo;hui offrir \u00e0 chaque enfant une \u00e9ducation diff\u00e9rente, bienveillante et permettant de d\u00e9velopper sereinement Son potentiel\u00a0\u00bb\u00a0\u00a0<\/span><\/p>\n<p>[\/et_pb_team_member][\/et_pb_column][\/et_pb_row][et_pb_row column_structure=\u00a0\u00bb3_5,2_5&Prime; _builder_version=\u00a0\u00bb4.23.1&Prime; _module_preset=\u00a0\u00bbdefault\u00a0\u00bb min_height=\u00a0\u00bb443.4px\u00a0\u00bb custom_margin=\u00a0\u00bb|auto|-193px|auto||\u00a0\u00bb custom_padding=\u00a0\u00bb25px||0px|||\u00a0\u00bb global_colors_info=\u00a0\u00bb{}\u00a0\u00bb][et_pb_column type=\u00a0\u00bb3_5&Prime; _builder_version=\u00a0\u00bb4.16&Prime; _module_preset=\u00a0\u00bbdefault\u00a0\u00bb global_colors_info=\u00a0\u00bb{}\u00a0\u00bb][et_pb_text _builder_version=\u00a0\u00bb4.16&Prime; _module_preset=\u00a0\u00bbdefault\u00a0\u00bb custom_margin=\u00a0\u00bb||34px|||\u00a0\u00bb custom_padding=\u00a0\u00bb|13px||||\u00a0\u00bb inline_fonts=\u00a0\u00bbABeeZee\u00a0\u00bb global_colors_info=\u00a0\u00bb{}\u00a0\u00bb]<\/p>\n<h3><span style=\"color: #ff99cc; font-size: 22px;\">Audrey\u00a0<\/span><span style=\"color: #ff99cc;\"><\/span><\/h3>\n<h3><span style=\"color: #ffcc00;\"><span class=\"markedContent\" id=\"page3R_mcid758\"><span role=\"presentation\" dir=\"ltr\">Educatrice Montessori 3<\/span><\/span><span class=\"markedContent\" id=\"page3R_mcid759\"><span role=\"presentation\" dir=\"ltr\">-6<\/span><\/span><span class=\"markedContent\" id=\"page3R_mcid760\"><span role=\"presentation\" dir=\"ltr\">ans &amp; coordinatrice p\u00e9dagogique<\/span><\/span><\/span><b style=\"font-size: 14px; color: #666666;\"><\/b><\/h3>\n<ul>\n<li><strong>Dipl\u00f4me AMI \u00ab\u00a0Educateur Montessori 3-6 ans\u00a0\u00bb<\/strong><\/li>\n<li><strong><span role=\"presentation\" dir=\"ltr\">D.E.U.G. et licence L.E.A. Anglais-Japonais (Lyon 3)<\/span><\/strong><\/li>\n<li><strong><span role=\"presentation\" dir=\"ltr\">Ma\u00eetrise L.E.A. Anglais-Japonais (Universit\u00e9 du<br \/>Texas, Austin USA)<\/span><\/strong><\/li>\n<li><strong><span role=\"presentation\" dir=\"ltr\">D.E.S.S. \u201cAffaires Asiatiques\u201d (Universit\u00e9s Lyon 2<br \/>et Senshu, Tokyo Japon <\/span><\/strong><\/li>\n<\/ul>\n<p>Je suis maman de deux ados et ai grandi \u00e0 Lyon.<\/p>\n<p>Dans le cadre de mes \u00e9tudes en japonais et commerce international, j&rsquo;ai eu la chance de vivre 1 an aux USA (Austin, TX) et 3 ans au Japon (Tokyo, Osaka, Nara).\u00a0<\/p>\n<p>\u00a0Apr\u00e8s 20 ans chez un \u00e9quipementier automobile japonais, j&rsquo;ai souhait\u00e9 reprendre des \u00e9tudes \u00e0 l&rsquo;Institut Sup\u00e9rieur Maria Montessori de Lyon pour me former avec la p\u00e9dagogie Montessori afin d&rsquo;accompagner les enfants de maternelle.\u00a0<\/p>\n<p>\u00a0Je suis ravie de cette reconversion et prends tous les jours un plaisir immense \u00e0 travailler aupr\u00e8s de chacun d&rsquo;eux, dans un environnement international et au sein d&rsquo;une \u00e9quipe soud\u00e9e et dynamique.<\/p>\n<p>[\/et_pb_text][\/et_pb_column][et_pb_column type=\u00a0\u00bb2_5&Prime; _builder_version=\u00a0\u00bb4.16&Prime; _module_preset=\u00a0\u00bbdefault\u00a0\u00bb global_colors_info=\u00a0\u00bb{}\u00a0\u00bb][et_pb_image src=\u00a0\u00bbhttps:\/\/junioracademy.fr\/wp-content\/uploads\/2024\/11\/Audrey_2024-002.jpg\u00a0\u00bb title_text=\u00a0\u00bbAudrey_2024 (002)\u00a0\u00bb _builder_version=\u00a0\u00bb4.23.1&Prime; _module_preset=\u00a0\u00bbdefault\u00a0\u00bb custom_padding=\u00a0\u00bb|130px|34px|27px||\u00a0\u00bb global_colors_info=\u00a0\u00bb{}\u00a0\u00bb][\/et_pb_image][\/et_pb_column][\/et_pb_row][et_pb_row _builder_version=\u00a0\u00bb4.16&Prime; _module_preset=\u00a0\u00bbdefault\u00a0\u00bb global_colors_info=\u00a0\u00bb{}\u00a0\u00bb][et_pb_column type=\u00a0\u00bb4_4&Prime; _builder_version=\u00a0\u00bb4.16&Prime; _module_preset=\u00a0\u00bbdefault\u00a0\u00bb global_colors_info=\u00a0\u00bb{}\u00a0\u00bb][et_pb_text _builder_version=\u00a0\u00bb4.23.1&Prime; _module_preset=\u00a0\u00bbdefault\u00a0\u00bb min_height=\u00a0\u00bb325.8px\u00a0\u00bb custom_margin=\u00a0\u00bb||-120px|||\u00a0\u00bb custom_padding=\u00a0\u00bb0px||0px|0px||\u00a0\u00bb global_colors_info=\u00a0\u00bb{}\u00a0\u00bb]<\/p>\n<p>\u79c1\u306f2\u4eba\u306e10\u4ee3\u306e\u5b50\u4f9b\u3092\u6301\u3064\u6bcd\u89aa\u3067\u3001\u30ea\u30e8\u30f3\u3067\u80b2\u3061\u307e\u3057\u305f\u3002<\/p>\n<p>\u65e5\u672c\u8a9e\u3068\u56fd\u969b\u30d3\u30b8\u30cd\u30b9\u306e\u52c9\u5f37\u306e\u4e00\u74b0\u3068\u3057\u3066\u3001\u30a2\u30e1\u30ea\u30ab\uff08\u30c6\u30ad\u30b5\u30b9\u5dde\u30aa\u30fc\u30b9\u30c6\u30a3\u30f3\uff09\u306b1\u5e74\u9593\u3001\u65e5\u672c\uff08\u6771\u4eac\u3001\u5927\u962a\u3001\u5948\u826f\uff09\u306b3\u5e74\u9593\u4f4f\u3080\u6a5f\u4f1a\u304c\u3042\u308a\u307e\u3057\u305f\u3002<\/p>\n<p>\u65e5\u672c\u306e\u81ea\u52d5\u8eca\u90e8\u54c1\u30e1\u30fc\u30ab\u30fc\u306720\u5e74\u9593\u50cd\u3044\u305f\u5f8c\u3001\u30ea\u30e8\u30f3\u306e\u30de\u30ea\u30a2\u30fb\u30e2\u30f3\u30c6\u30c3\u30bd\u30fc\u30ea\u9ad8\u7b49\u6559\u80b2\u6a5f\u95a2\u3067\u3001\u5e7c\u5150\u6559\u80b2\u306b\u30e2\u30f3\u30c6\u30c3\u30bd\u30fc\u30ea\u6559\u80b2\u6cd5\u3092\u6d3b\u7528\u3059\u308b\u305f\u3081\u306e\u52c9\u5f37\u3092\u518d\u958b\u3059\u308b\u3053\u3068\u3092\u6c7a\u610f\u3057\u307e\u3057\u305f\u3002<\/p>\n<p>\u3053\u306e\u30ad\u30e3\u30ea\u30a2\u30c1\u30a7\u30f3\u30b8\u306b\u5927\u5909\u6e80\u8db3\u3057\u3066\u304a\u308a\u3001\u56fd\u969b\u7684\u306a\u74b0\u5883\u306e\u4e2d\u3067\u3001\u305d\u3057\u3066\u56e3\u7d50\u3057\u305f\u6d3b\u6c17\u306e\u3042\u308b\u30c1\u30fc\u30e0\u306e\u4e2d\u3067\u3001\u6bce\u65e5\u5b50\u3069\u3082\u305f\u3061\u3068\u4e00\u7dd2\u306b\u50cd\u304f\u3053\u3068\u306b\u5927\u304d\u306a\u559c\u3073\u3092\u611f\u3058\u3066\u3044\u307e\u3059\u3002<\/p>\n<p>[\/et_pb_text][\/et_pb_column][\/et_pb_row][et_pb_row _builder_version=\u00a0\u00bb4.16&Prime; _module_preset=\u00a0\u00bbdefault\u00a0\u00bb global_colors_info=\u00a0\u00bb{}\u00a0\u00bb][et_pb_column type=\u00a0\u00bb4_4&Prime; _builder_version=\u00a0\u00bb4.16&Prime; _module_preset=\u00a0\u00bbdefault\u00a0\u00bb global_colors_info=\u00a0\u00bb{}\u00a0\u00bb][et_pb_team_member name=\u00a0\u00bbCarolina \u00a0\u00bb position=\u00a0\u00bbEnglish Montessori Educator\u00a0\u00bb image_url=\u00a0\u00bbhttps:\/\/junioracademy.fr\/wp-content\/uploads\/2023\/09\/Capture.jpg\u00a0\u00bb _builder_version=\u00a0\u00bb4.16&Prime; _module_preset=\u00a0\u00bbdefault\u00a0\u00bb header_level=\u00a0\u00bbh3&Prime; header_text_color=\u00a0\u00bb#f4a2a2&Prime; position_text_color=\u00a0\u00bb#f9b937&Prime; position_font_size=\u00a0\u00bb22px\u00a0\u00bb inline_fonts=\u00a0\u00bbABeeZee\u00a0\u00bb global_colors_info=\u00a0\u00bb{}\u00a0\u00bb]<\/p>\n<ul>\n<li style=\"font-weight: 400;\" aria-level=\"1\"><strong>Formation Junior Academy \u00ab\u00a0Educatrice 3\/6\u00a0\u00bb<\/strong><\/li>\n<li style=\"font-weight: 400;\" aria-level=\"1\"><strong>Psychopedagogist\u2019s Bachelor Degree<\/strong><\/li>\n<li style=\"font-weight: 400;\" aria-level=\"1\"><strong>AMI certified Montessori assistant 3 &#8211; 6 years old<\/strong><\/li>\n<li style=\"font-weight: 400;\" aria-level=\"1\"><strong>Teaching English to Young Learners course TESOL Accredited\u00a0<\/strong><\/li>\n<\/ul>\n<p><span style=\"font-weight: 400;\">Hello!\/Bonjour!\/\u00a1Hola!<\/span><\/p>\n<p><span style=\"font-weight: 400;\">My name is Carolina. Originally from M\u00e9xico and living in France since 2019, I had the opportunity to study in different countries such as Equator, Cuba, M\u00e9xico and France. I have worked for a few years in France, always at the service of children and I have always been interested in how children learn and develop, but mostly how they become bilingual or multilingual., I am very happy to be part of the team of Junior Academy. I look forward to sharing with the children my enthusiasm for languages in particular english, french and spanish \u200b\u200bin a Montessori class following the pace of each child. Along with my interests, I also adore traveling, doing sports, and my dog Pablo.\u00a0<\/span><\/p>\n<p>[\/et_pb_team_member][\/et_pb_column][\/et_pb_row][et_pb_row _builder_version=\u00a0\u00bb4.16&Prime; _module_preset=\u00a0\u00bbdefault\u00a0\u00bb global_colors_info=\u00a0\u00bb{}\u00a0\u00bb][et_pb_column type=\u00a0\u00bb4_4&Prime; _builder_version=\u00a0\u00bb4.16&Prime; _module_preset=\u00a0\u00bbdefault\u00a0\u00bb global_colors_info=\u00a0\u00bb{}\u00a0\u00bb][et_pb_team_member name=\u00a0\u00bbMonika \u00a0\u00bb position=\u00a0\u00bbEnglish Montessori Assistant\u00a0\u00bb image_url=\u00a0\u00bbhttps:\/\/junioracademy.fr\/wp-content\/uploads\/2024\/11\/Capture-decran-2024-11-06-132432.png\u00a0\u00bb _builder_version=\u00a0\u00bb4.23.1&Prime; _module_preset=\u00a0\u00bbdefault\u00a0\u00bb header_level=\u00a0\u00bbh3&Prime; header_text_color=\u00a0\u00bb#f4a2a2&Prime; position_text_color=\u00a0\u00bb#f9b937&Prime; position_font_size=\u00a0\u00bb22px\u00a0\u00bb inline_fonts=\u00a0\u00bbABeeZee\u00a0\u00bb global_colors_info=\u00a0\u00bb{}\u00a0\u00bb]<\/p>\n<ul>\n<li style=\"font-weight: 400;\" aria-level=\"1\"><strong>AMI certified Montessori assistant 3 &#8211; 6 years old<\/strong><\/li>\n<li style=\"font-weight: 400;\" aria-level=\"1\"><strong>CAP Petite Enfance<\/strong><\/li>\n<li style=\"font-weight: 400;\" aria-level=\"1\"><strong>London Central Saint Martin, Design de produit<\/strong><\/li>\n<li style=\"font-weight: 400;\" aria-level=\"1\"><strong>Master : th\u00e9orie, analyse de la culture et comportement<\/strong><\/li>\n<li style=\"font-weight: 400;\" aria-level=\"1\"><strong>Baccalaur\u00e9at sp\u00e9cialit\u00e9 art et design c\u00e9ramique <\/strong><\/li>\n<\/ul>\n<p>My journey into working with children began with a desire to give my daughter the best environment to learn and grow. Becoming a parent led me to explore the Montessori method and m\u00e9thode bienveillante, which nurture kindness, respect, and independence. With a background in art, I know how important creativity is for a child\u2019s development. Surrounding children with art enriches their world and encourages them to see, feel, and think in new ways. I also have a passion for hiking and mountain climbing, which bring me peace and a sense of adventure.<\/p>\n<p>&nbsp;<\/p>\n<p>[\/et_pb_team_member][\/et_pb_column][\/et_pb_row][et_pb_row _builder_version=\u00a0\u00bb4.16&Prime; _module_preset=\u00a0\u00bbdefault\u00a0\u00bb custom_margin=\u00a0\u00bb-27px|auto||auto||\u00a0\u00bb global_colors_info=\u00a0\u00bb{}\u00a0\u00bb][et_pb_column type=\u00a0\u00bb4_4&Prime; _builder_version=\u00a0\u00bb4.16&Prime; _module_preset=\u00a0\u00bbdefault\u00a0\u00bb global_colors_info=\u00a0\u00bb{}\u00a0\u00bb][et_pb_text _builder_version=\u00a0\u00bb4.16&Prime; _module_preset=\u00a0\u00bbdefault\u00a0\u00bb header_text_color=\u00a0\u00bb#95dba7&Prime; custom_padding=\u00a0\u00bb10px|||||\u00a0\u00bb inline_fonts=\u00a0\u00bbABeeZee\u00a0\u00bb global_colors_info=\u00a0\u00bb{}\u00a0\u00bb]<\/p>\n<p><span style=\"font-size: large;\"><strong>Other actors who participate in the proper functioning of the establishment<\/strong><\/span><\/p>\n<p><span style=\"font-size: large;\">Because pedagogy and the well-being of children are at the heart of our values, CAP Early Childhood trainees, educators, Montessori assistants are welcome in our establishment throughout the year. Do not hesitate to tell us about your internship periods so that we can organize your welcome in our establishment as well as possible!<\/span><\/p>\n<p>[\/et_pb_text][\/et_pb_column][\/et_pb_row][\/et_pb_section]<\/p>","protected":false},"excerpt":{"rendered":"<p>Formation \u00ab\u00a0Educatrice 6\/12\u00a0\u00bb &#8211; Ressources Montessori\u00a0 Dipl\u00f4me AMI \u00ab\u00a0Educateur Montessori 3-6 ans\u00a0\u00bb Dipl\u00f4m\u00e9e d&rsquo;un Master \u00ab\u00a0Sciences de l&rsquo;\u00e9ducation \u00a0\u00ab\u00a0Maman de deux enfants et forte de plusieurs ann\u00e9es d&rsquo;exp\u00e9rience dans le champs de la formation et de l&rsquo;\u00e9ducation, je d\u00e9cide en 2018 de fonder une \u00e9cole respectant l&rsquo;individualit\u00e9, favorisant l&rsquo;inclusion et l&rsquo;apprentissage des langues d\u00e8s le [&hellip;]<\/p>","protected":false},"author":1,"featured_media":0,"parent":452,"menu_order":0,"comment_status":"closed","ping_status":"closed","template":"","meta":{"_et_pb_use_builder":"on","_et_pb_old_content":"","_et_gb_content_width":""},"_links":{"self":[{"href":"https:\/\/junioracademy.fr\/en\/wp-json\/wp\/v2\/pages\/371"}],"collection":[{"href":"https:\/\/junioracademy.fr\/en\/wp-json\/wp\/v2\/pages"}],"about":[{"href":"https:\/\/junioracademy.fr\/en\/wp-json\/wp\/v2\/types\/page"}],"author":[{"embeddable":true,"href":"https:\/\/junioracademy.fr\/en\/wp-json\/wp\/v2\/users\/1"}],"replies":[{"embeddable":true,"href":"https:\/\/junioracademy.fr\/en\/wp-json\/wp\/v2\/comments?post=371"}],"version-history":[{"count":51,"href":"https:\/\/junioracademy.fr\/en\/wp-json\/wp\/v2\/pages\/371\/revisions"}],"predecessor-version":[{"id":1565,"href":"https:\/\/junioracademy.fr\/en\/wp-json\/wp\/v2\/pages\/371\/revisions\/1565"}],"up":[{"embeddable":true,"href":"https:\/\/junioracademy.fr\/en\/wp-json\/wp\/v2\/pages\/452"}],"wp:attachment":[{"href":"https:\/\/junioracademy.fr\/en\/wp-json\/wp\/v2\/media?parent=371"}],"curies":[{"name":"wp","href":"https:\/\/api.w.org\/{rel}","templated":true}]}}