{"id":383,"date":"2020-12-27T15:51:36","date_gmt":"2020-12-27T14:51:36","guid":{"rendered":"https:\/\/junioracademy.fr\/?page_id=383"},"modified":"2024-03-22T09:53:47","modified_gmt":"2024-03-22T08:53:47","slug":"informations-pratiques","status":"publish","type":"page","link":"https:\/\/junioracademy.fr\/en\/notre-ecole\/informations-pratiques\/","title":{"rendered":"Useful informations"},"content":{"rendered":"<p>[et_pb_section fb_built=\u00a0\u00bb1&Prime; disabled_on=\u00a0\u00bboff|off|off\u00a0\u00bb _builder_version=\u00a0\u00bb4.16&Prime; _module_preset=\u00a0\u00bbdefault\u00a0\u00bb background_image=\u00a0\u00bbhttps:\/\/junioracademy.fr\/wp-content\/uploads\/2023\/02\/IMG-20230131-WA0002.jpg\u00a0\u00bb background_size=\u00a0\u00bbinitial\u00a0\u00bb max_width_tablet=\u00a0\u00bb\u00a0\u00bb max_width_phone=\u00a0\u00bb\u00a0\u00bb max_width_last_edited=\u00a0\u00bbon|desktop\u00a0\u00bb module_alignment=\u00a0\u00bbleft\u00a0\u00bb min_height=\u00a0\u00bb462px\u00a0\u00bb custom_margin=\u00a0\u00bb||-9px|||\u00a0\u00bb custom_padding=\u00a0\u00bb148px|272px|0px|||\u00a0\u00bb animation_style=\u00a0\u00bbfade\u00a0\u00bb animation_delay=\u00a0\u00bb1100ms\u00a0\u00bb animation_starting_opacity=\u00a0\u00bb17%\u00a0\u00bb background_last_edited=\u00a0\u00bbon|desktop\u00a0\u00bb global_colors_info=\u00a0\u00bb{}\u00a0\u00bb][\/et_pb_section][et_pb_section fb_built=\u00a0\u00bb1&Prime; _builder_version=\u00a0\u00bb4.16&Prime; _module_preset=\u00a0\u00bbdefault\u00a0\u00bb custom_padding=\u00a0\u00bb1px|||||\u00a0\u00bb global_colors_info=\u00a0\u00bb{}\u00a0\u00bb][et_pb_row _builder_version=\u00a0\u00bb4.16&Prime; _module_preset=\u00a0\u00bbdefault\u00a0\u00bb min_height=\u00a0\u00bb254.3px\u00a0\u00bb custom_margin=\u00a0\u00bb|auto|-184px|auto||\u00a0\u00bb custom_padding=\u00a0\u00bb||0px|||\u00a0\u00bb global_colors_info=\u00a0\u00bb{}\u00a0\u00bb][et_pb_column type=\u00a0\u00bb4_4&Prime; _builder_version=\u00a0\u00bb4.16&Prime; _module_preset=\u00a0\u00bbdefault\u00a0\u00bb global_colors_info=\u00a0\u00bb{}\u00a0\u00bb][et_pb_text _builder_version=\u00a0\u00bb4.16&Prime; _module_preset=\u00a0\u00bbdefault\u00a0\u00bb global_colors_info=\u00a0\u00bb{}\u00a0\u00bb]<\/p>\n<h1 style=\"text-align: center;\"><span style=\"font-size: xx-large; color: #273578;\"><strong>Useful informations<\/strong><\/span><\/h1>\n<p>[\/et_pb_text][\/et_pb_column][\/et_pb_row][\/et_pb_section][et_pb_section fb_built=\u00a0\u00bb1&Prime; specialty=\u00a0\u00bbon\u00a0\u00bb admin_label=\u00a0\u00bbAll Courses\u00a0\u00bb _builder_version=\u00a0\u00bb4.16&Prime; min_height=\u00a0\u00bb500px\u00a0\u00bb custom_padding=\u00a0\u00bb0px|0px|18px|0px||\u00a0\u00bb global_colors_info=\u00a0\u00bb{}\u00a0\u00bb][et_pb_column type=\u00a0\u00bb1_3&Prime; _builder_version=\u00a0\u00bb4.16&Prime; custom_padding=\u00a0\u00bb|||\u00a0\u00bb global_colors_info=\u00a0\u00bb{}\u00a0\u00bb parallax__hover=\u00a0\u00bboff\u00a0\u00bb parallax_method__hover=\u00a0\u00bbon\u00a0\u00bb custom_padding__hover=\u00a0\u00bb|||\u00a0\u00bb][et_pb_text _builder_version=\u00a0\u00bb4.16&Prime; _module_preset=\u00a0\u00bbdefault\u00a0\u00bb text_line_height=\u00a0\u00bb1.5em\u00a0\u00bb custom_margin=\u00a0\u00bb-3px|||||\u00a0\u00bb custom_padding=\u00a0\u00bb0px||0px|||\u00a0\u00bb global_colors_info=\u00a0\u00bb{}\u00a0\u00bb]<\/p>\n<p style=\"text-align: center;\"><span style=\"font-size: large;\"><strong><span style=\"color: #000080;\">SCOLAIRE<\/span><\/strong><\/span><\/p>\n<p><span style=\"font-size: 18px;\"><\/span><\/p>\n<p><span style=\"font-size: 18px;\">La Junior Academy est ouverte de 8h20 \u00e0 16h30. Les arriv\u00e9es du matin peuvent se faire entre 8h20 et 9h.<\/span><\/p>\n<p><span style=\"font-size: large;\"><\/span><\/p>\n<p><span style=\"font-size: large;\">Nous accueillons les \u00e9l\u00e8ves de 2,5 \u00e0 12 ans dans deux classes multi-\u00e2ges:<strong><span style=\"color: #f4a2a2;\"><\/span><\/strong><\/span><\/p>\n<p style=\"text-align: justify;\"><span style=\"font-size: large;\">&#8211; la maison des enfants\u00a0<\/span><\/p>\n<p style=\"text-align: justify;\"><span style=\"font-size: large;\">&#8211; la maison des explorateurs\u00a0<\/span><\/p>\n<p>&nbsp;<\/p>\n<ul>\n<li><span style=\"font-size: 18px;\"><strong><span style=\"color: #f4a2a2;\">Preschool<\/span><\/strong><\/span><br \/> <span style=\"font-size: 18px;\"> <span style=\"color: #f4a2a2;\"><\/span><\/span><\/li>\n<\/ul>\n<p style=\"text-align: left;\"><span style=\"font-size: large;\"><span lang=\"fr\">La garde de votre enfant est possible apr\u00e8s les heures de classe \u00e0 partir de 16h30 jusqu&rsquo;\u00e0 18h. Les frais de garderie sont d\u00e9ductibles des imp\u00f4ts.<\/span><\/span><\/p>\n<p style=\"text-align: left;\"><span style=\"font-size: large;\"><span lang=\"fr\"><\/span><\/span><\/p>\n<p>[\/et_pb_text][et_pb_text _builder_version=\u00a0\u00bb4.16&Prime; _module_preset=\u00a0\u00bbdefault\u00a0\u00bb min_height=\u00a0\u00bb151.3px\u00a0\u00bb custom_margin=\u00a0\u00bb81px|||||\u00a0\u00bb custom_padding=\u00a0\u00bb0px|||||\u00a0\u00bb global_colors_info=\u00a0\u00bb{}\u00a0\u00bb]<\/p>\n<ul>\n<li><span style=\"font-size: large; color: #f4a2a2;\"><strong>Restoration<\/strong><\/span><\/li>\n<\/ul>\n<p style=\"text-align: left;\"><span lang=\"fr\" style=\"font-size: large;\">Nous proposons \u00e0 votre enfant un d\u00e9jeuner chaud et \u00e9quilibr\u00e9 tous les jours, issu de l&rsquo;agriculture biologique locale. Possibilit\u00e9 d\u2019apporter sa bo\u00eete \u00e0 lunch<\/span><\/p>\n<p>[\/et_pb_text][\/et_pb_column][et_pb_column type=\u00a0\u00bb2_3&Prime; specialty_columns=\u00a0\u00bb2&Prime; _builder_version=\u00a0\u00bb4.16&Prime; custom_padding=\u00a0\u00bb|||\u00a0\u00bb global_colors_info=\u00a0\u00bb{}\u00a0\u00bb parallax__hover=\u00a0\u00bboff\u00a0\u00bb parallax_method__hover=\u00a0\u00bbon\u00a0\u00bb custom_padding__hover=\u00a0\u00bb|||\u00a0\u00bb][et_pb_row_inner column_structure=\u00a0\u00bb1_2,1_2&Prime; _builder_version=\u00a0\u00bb4.16&Prime; _module_preset=\u00a0\u00bbdefault\u00a0\u00bb global_colors_info=\u00a0\u00bb{}\u00a0\u00bb][et_pb_column_inner type=\u00a0\u00bb1_2&Prime; saved_specialty_column_type=\u00a0\u00bb2_3&Prime; _builder_version=\u00a0\u00bb4.16&Prime; _module_preset=\u00a0\u00bbdefault\u00a0\u00bb global_colors_info=\u00a0\u00bb{}\u00a0\u00bb][et_pb_text _builder_version=\u00a0\u00bb4.16&Prime; _module_preset=\u00a0\u00bbdefault\u00a0\u00bb custom_margin=\u00a0\u00bb||-49px|||\u00a0\u00bb global_colors_info=\u00a0\u00bb{}\u00a0\u00bb]<\/p>\n<p style=\"text-align: center;\"><span style=\"font-size: large; color: #000080;\"><strong><strong>PARASCOLAIRE\u00a0<\/strong><\/strong><\/span><\/p>\n<ul>\n<li><span style=\"color: #f4a2a2; font-size: large;\"><strong><strong>Wednesday workshops<\/strong><\/strong><\/span><\/li>\n<\/ul>\n<p style=\"text-align: left;\"><span lang=\"fr\" style=\"font-size: large;\">Open to all (educated or not in our establishment) <\/span><\/p>\n<p style=\"text-align: left;\"><span lang=\"fr\" style=\"font-size: large;\">From 9 a.m. to 4:30 p.m. with the possibility of extra daycare (until 6 p.m.)<\/span><\/p>\n<p style=\"text-align: left;\"><span lang=\"fr\" style=\"font-size: large;\"> Various activities are offered: creative, sporting, linguistic according to the educational program established throughout the year.<\/span><\/p>\n<p style=\"text-align: left;\"><span lang=\"fr\" style=\"font-size: large;\"><\/span><\/p>\n<p style=\"text-align: left;\"><span lang=\"fr\" style=\"font-size: large;\"><\/span><\/p>\n<p>[\/et_pb_text][et_pb_text _builder_version=\u00a0\u00bb4.16&Prime; _module_preset=\u00a0\u00bbdefault\u00a0\u00bb custom_margin=\u00a0\u00bb90px|||||\u00a0\u00bb global_colors_info=\u00a0\u00bb{}\u00a0\u00bb]<\/p>\n<ul>\n<li style=\"text-align: left;\"><span style=\"font-size: large;\"><span style=\"color: #f4a2a2;\"><strong>Stages p\u00e9dagogiques\u00a0 \u00a0<\/strong><\/span><\/span><span style=\"font-size: large;\">Pendant les vacances scolaires (informations et dates dans l&rsquo;onglet \u00ab\u00a0Nos ateliers Montessori\u00a0\u00bb) &#8211; Possibilit\u00e9 de mettre en place du soutien scolaire (nous contacter)<\/span><\/li>\n<\/ul>\n<p>[\/et_pb_text][\/et_pb_column_inner][et_pb_column_inner type=\u00a0\u00bb1_2&Prime; saved_specialty_column_type=\u00a0\u00bb2_3&Prime; _builder_version=\u00a0\u00bb4.16&Prime; _module_preset=\u00a0\u00bbdefault\u00a0\u00bb global_colors_info=\u00a0\u00bb{}\u00a0\u00bb][et_pb_slider _builder_version=\u00a0\u00bb4.16&Prime; _module_preset=\u00a0\u00bbdefault\u00a0\u00bb use_background_color_gradient=\u00a0\u00bbon\u00a0\u00bb background_color_gradient_stops=\u00a0\u00bb#273578 27%|#f4a2a2 100%\u00a0\u00bb background_color_gradient_start=\u00a0\u00bb#273578&Prime; background_color_gradient_start_position=\u00a0\u00bb27%\u00a0\u00bb background_color_gradient_end=\u00a0\u00bb#f4a2a2&Prime; global_colors_info=\u00a0\u00bb{}\u00a0\u00bb][et_pb_slide heading=\u00a0\u00bbL&rsquo;intuition de Maria Montessori \u00a0\u00bb button_text=\u00a0\u00bbVoir la vid\u00e9o\u00a0\u00bb button_link=\u00a0\u00bbhttps:\/\/vimeo.com\/121361458&Prime; _builder_version=\u00a0\u00bb4.16&Prime; _module_preset=\u00a0\u00bbdefault\u00a0\u00bb header_level=\u00a0\u00bbh4&Prime; header_font_size=\u00a0\u00bb29px\u00a0\u00bb header_line_height=\u00a0\u00bb1.4em\u00a0\u00bb body_text_align=\u00a0\u00bbcenter\u00a0\u00bb body_font_size=\u00a0\u00bb19px\u00a0\u00bb body_line_height=\u00a0\u00bb1.2em\u00a0\u00bb global_colors_info=\u00a0\u00bb{}\u00a0\u00bb sticky_transition=\u00a0\u00bbon\u00a0\u00bb]<\/p>\n<p>&nbsp;<\/p>\n<p>Maria Montessori's enlightened intuition led her to techniques of working with children, such as the Three-Stage Language Lesson, which reflect today's scientific findings on human learning.<\/p>\n<p>[\/et_pb_slide][et_pb_slide heading=\u00a0\u00bbL&rsquo;alphabet de la vie \u00a0\u00bb button_text=\u00a0\u00bbVoir la vid\u00e9o\u00a0\u00bb button_link=\u00a0\u00bbhttps:\/\/vimeo.com\/78692604&Prime; _builder_version=\u00a0\u00bb4.16&Prime; _module_preset=\u00a0\u00bbdefault\u00a0\u00bb header_level=\u00a0\u00bbh5&Prime; header_font_size=\u00a0\u00bb35px\u00a0\u00bb body_font_size=\u00a0\u00bb19px\u00a0\u00bb body_line_height=\u00a0\u00bb1.2em\u00a0\u00bb global_colors_info=\u00a0\u00bb{}\u00a0\u00bb sticky_transition=\u00a0\u00bbon\u00a0\u00bb]<\/p>\n<p>\u00a0<span style=\"font-size: 19px;\">\u00a0<\/span><\/p>\n<p>Maria Montessori's pedagogy as an \"aid to life\"<\/p>\n<p>[\/et_pb_slide][\/et_pb_slider][\/et_pb_column_inner][\/et_pb_row_inner][\/et_pb_column][\/et_pb_section][et_pb_section fb_built=\u00a0\u00bb1&Prime; _builder_version=\u00a0\u00bb4.16&Prime; _module_preset=\u00a0\u00bbdefault\u00a0\u00bb min_height=\u00a0\u00bb259.8px\u00a0\u00bb custom_margin=\u00a0\u00bb-12px|||||\u00a0\u00bb global_colors_info=\u00a0\u00bb{}\u00a0\u00bb][et_pb_row _builder_version=\u00a0\u00bb4.16&Prime; _module_preset=\u00a0\u00bbdefault\u00a0\u00bb min_height=\u00a0\u00bb157.9px\u00a0\u00bb global_colors_info=\u00a0\u00bb{}\u00a0\u00bb][et_pb_column type=\u00a0\u00bb4_4&Prime; _builder_version=\u00a0\u00bb4.16&Prime; _module_preset=\u00a0\u00bbdefault\u00a0\u00bb global_colors_info=\u00a0\u00bb{}\u00a0\u00bb][et_pb_slider _builder_version=\u00a0\u00bb4.16&Prime; _module_preset=\u00a0\u00bbdefault\u00a0\u00bb background_video_mp4=\u00a0\u00bbhttps:\/\/junioracademy.fr\/wp-content\/uploads\/2023\/01\/Vert-Info-de-la-journee-Education-Enseignement-Ecole-169-Video-1.mp4&Prime; background_last_edited=\u00a0\u00bbon|phone\u00a0\u00bb global_colors_info=\u00a0\u00bb{}\u00a0\u00bb][et_pb_slide button_text=\u00a0\u00bbClics\u00a0\u00bb _builder_version=\u00a0\u00bb4.16&Prime; _module_preset=\u00a0\u00bbdefault\u00a0\u00bb global_colors_info=\u00a0\u00bb{}\u00a0\u00bb sticky_transition=\u00a0\u00bbon\u00a0\u00bb][\/et_pb_slide][et_pb_slide heading=\u00a0\u00bbVotre titre va ici\u00a0\u00bb button_text=\u00a0\u00bbClics\u00a0\u00bb _builder_version=\u00a0\u00bb4.16&Prime; _module_preset=\u00a0\u00bbdefault\u00a0\u00bb global_colors_info=\u00a0\u00bb{}\u00a0\u00bb sticky_transition=\u00a0\u00bbon\u00a0\u00bb]<\/p>\n<p>Your content goes here. Edit or remove this text inline or in the module Content settings. You can also style every aspect of this content in the module Design settings and even apply custom CSS to this text in the module Advanced settings.<\/p>\n<p>[\/et_pb_slide][\/et_pb_slider][\/et_pb_column][\/et_pb_row][\/et_pb_section]<\/p>","protected":false},"excerpt":{"rendered":"<p>Informations pratiquesSCOLAIRE La Junior Academy est ouverte de 8h20 \u00e0 16h30. Les arriv\u00e9es du matin peuvent se faire entre 8h20 et 9h. Nous accueillons les \u00e9l\u00e8ves de 2,5 \u00e0 12 ans dans deux classes multi-\u00e2ges: &#8211; la maison des enfants\u00a0 &#8211; la maison des explorateurs\u00a0 &nbsp; Garderie La garde de votre enfant est possible apr\u00e8s [&hellip;]<\/p>","protected":false},"author":1,"featured_media":0,"parent":452,"menu_order":0,"comment_status":"closed","ping_status":"closed","template":"","meta":{"_et_pb_use_builder":"on","_et_pb_old_content":"","_et_gb_content_width":""},"_links":{"self":[{"href":"https:\/\/junioracademy.fr\/en\/wp-json\/wp\/v2\/pages\/383"}],"collection":[{"href":"https:\/\/junioracademy.fr\/en\/wp-json\/wp\/v2\/pages"}],"about":[{"href":"https:\/\/junioracademy.fr\/en\/wp-json\/wp\/v2\/types\/page"}],"author":[{"embeddable":true,"href":"https:\/\/junioracademy.fr\/en\/wp-json\/wp\/v2\/users\/1"}],"replies":[{"embeddable":true,"href":"https:\/\/junioracademy.fr\/en\/wp-json\/wp\/v2\/comments?post=383"}],"version-history":[{"count":61,"href":"https:\/\/junioracademy.fr\/en\/wp-json\/wp\/v2\/pages\/383\/revisions"}],"predecessor-version":[{"id":1457,"href":"https:\/\/junioracademy.fr\/en\/wp-json\/wp\/v2\/pages\/383\/revisions\/1457"}],"up":[{"embeddable":true,"href":"https:\/\/junioracademy.fr\/en\/wp-json\/wp\/v2\/pages\/452"}],"wp:attachment":[{"href":"https:\/\/junioracademy.fr\/en\/wp-json\/wp\/v2\/media?parent=383"}],"curies":[{"name":"wp","href":"https:\/\/api.w.org\/{rel}","templated":true}]}}