{"id":452,"date":"2020-12-27T15:53:41","date_gmt":"2020-12-27T14:53:41","guid":{"rendered":"https:\/\/junioracademy.fr\/?page_id=452"},"modified":"2026-02-23T11:47:20","modified_gmt":"2026-02-23T10:47:20","slug":"notre-ecole","status":"publish","type":"page","link":"https:\/\/junioracademy.fr\/en\/notre-ecole\/","title":{"rendered":"Our school"},"content":{"rendered":"<p>[et_pb_section fb_built=\u00a0\u00bb1&Prime; disabled_on=\u00a0\u00bbon|on|on\u00a0\u00bb _builder_version=\u00a0\u00bb4.16&Prime; _module_preset=\u00a0\u00bbdefault\u00a0\u00bb background_image=\u00a0\u00bbhttps:\/\/junioracademy.fr\/wp-content\/uploads\/2020\/12\/AdobeStock_224720560.jpeg\u00a0\u00bb background_video_mp4=\u00a0\u00bbhttps:\/\/junioracademy.fr\/wp-content\/uploads\/2023\/01\/Vert-Info-de-la-journee-Education-Enseignement-Ecole-169-Video-1.mp4&Prime; custom_margin=\u00a0\u00bb||-42px|||\u00a0\u00bb custom_padding=\u00a0\u00bb0px||752px|||\u00a0\u00bb background_last_edited=\u00a0\u00bbon|phone\u00a0\u00bb background_video_mp4_phone=\u00a0\u00bbhttps:\/\/junioracademy.fr\/wp-content\/uploads\/2023\/01\/Vert-Info-de-la-journee-Education-Enseignement-Ecole-169-Video-1.mp4&Prime; background_enable_video_mp4_phone=\u00a0\u00bbon\u00a0\u00bb disabled=\u00a0\u00bbon\u00a0\u00bb global_colors_info=\u00a0\u00bb{}\u00a0\u00bb title_text_phone=\u00a0\u00bbVert Info de la journ\u00e9e \u00c9ducation Enseignement \u00c9cole 169 Vid\u00e9o (1)\u00a0\u00bb][et_pb_row _builder_version=\u00a0\u00bb4.16&Prime; _module_preset=\u00a0\u00bbdefault\u00a0\u00bb min_height=\u00a0\u00bb25.8px\u00a0\u00bb global_colors_info=\u00a0\u00bb{}\u00a0\u00bb][et_pb_column type=\u00a0\u00bb4_4&Prime; _builder_version=\u00a0\u00bb4.16&Prime; _module_preset=\u00a0\u00bbdefault\u00a0\u00bb global_colors_info=\u00a0\u00bb{}\u00a0\u00bb][et_pb_text _builder_version=\u00a0\u00bb4.16&Prime; _module_preset=\u00a0\u00bbdefault\u00a0\u00bb global_colors_info=\u00a0\u00bb{}\u00a0\u00bb]<\/p>\n<p style=\"text-align: center;\"><span style=\"color: #ffffff; font-size: xx-large;\">Welcome to the Junior Academy!<\/span><\/p>\n<p>[\/et_pb_text][\/et_pb_column][\/et_pb_row][\/et_pb_section][et_pb_section fb_built=\u00a0\u00bb1&Prime; _builder_version=\u00a0\u00bb4.16&Prime; _module_preset=\u00a0\u00bbdefault\u00a0\u00bb custom_margin=\u00a0\u00bb62px|||||\u00a0\u00bb custom_padding=\u00a0\u00bb0px|||||\u00a0\u00bb global_colors_info=\u00a0\u00bb{}\u00a0\u00bb][et_pb_row column_structure=\u00a0\u00bb3_5,2_5&Prime; _builder_version=\u00a0\u00bb4.16&Prime; _module_preset=\u00a0\u00bbdefault\u00a0\u00bb global_colors_info=\u00a0\u00bb{}\u00a0\u00bb][et_pb_column type=\u00a0\u00bb3_5&Prime; _builder_version=\u00a0\u00bb4.16&Prime; _module_preset=\u00a0\u00bbdefault\u00a0\u00bb global_colors_info=\u00a0\u00bb{}\u00a0\u00bb][et_pb_text _builder_version=\u00a0\u00bb4.16&Prime; _module_preset=\u00a0\u00bbdefault\u00a0\u00bb inline_fonts=\u00a0\u00bbAllerta,Dancing Script\u00a0\u00bb global_colors_info=\u00a0\u00bb{}\u00a0\u00bb]<\/p>\n<h1><span style=\"color: #273578;\"><strong><\/strong><\/span><\/h1>\n<h1><span style=\"font-size: x-large; font-family: Allerta; font-weight: normal;\"><strong><span style=\"color: #273578;\">Our vision, mission and values<\/span><\/strong><\/span><\/h1>\n<p style=\"text-align: left;\">\n<p style=\"text-align: left;\"><span style=\"font-size: large; font-family: Allerta;\">The Junior Academy is the international benchmark in the field of alternative schools. A school open to diversity and which promotes the learning of foreign languages \u200b\u200bfrom an early age. It is a warm place, a continuation of the family cocoon where it is good to learn at your own pace. And where every adult listens to the child's needs.<\/span><\/p>\n<p style=\"text-align: left;\"><span style=\"font-size: large; font-family: Allerta;\">The school offer respects the national education program and is based on the philosophy of Maria Montessori in order to promote self-esteem, independence, empathy and social awareness<\/span><\/p>\n<p><span style=\"font-size: x-large;\"><\/span><\/p>\n<p>[\/et_pb_text][\/et_pb_column][et_pb_column type=\u00a0\u00bb2_5&Prime; _builder_version=\u00a0\u00bb4.16&Prime; _module_preset=\u00a0\u00bbdefault\u00a0\u00bb global_colors_info=\u00a0\u00bb{}\u00a0\u00bb][et_pb_image src=\u00a0\u00bbhttps:\/\/junioracademy.fr\/wp-content\/uploads\/2020\/12\/vision.png\u00a0\u00bb title_text=\u00a0\u00bbvision\u00a0\u00bb _builder_version=\u00a0\u00bb4.16&Prime; _module_preset=\u00a0\u00bbdefault\u00a0\u00bb custom_padding=\u00a0\u00bb0px||0px|||\u00a0\u00bb global_colors_info=\u00a0\u00bb{}\u00a0\u00bb][\/et_pb_image][\/et_pb_column][\/et_pb_row][et_pb_row _builder_version=\u00a0\u00bb4.16&Prime; _module_preset=\u00a0\u00bbdefault\u00a0\u00bb global_colors_info=\u00a0\u00bb{}\u00a0\u00bb][et_pb_column type=\u00a0\u00bb4_4&Prime; _builder_version=\u00a0\u00bb4.16&Prime; _module_preset=\u00a0\u00bbdefault\u00a0\u00bb global_colors_info=\u00a0\u00bb{}\u00a0\u00bb][et_pb_accordion _builder_version=\u00a0\u00bb4.16&Prime; _module_preset=\u00a0\u00bbdefault\u00a0\u00bb toggle_text_color=\u00a0\u00bb#f4a2a2&Prime; toggle_level=\u00a0\u00bbh3&Prime; toggle_font=\u00a0\u00bbAllerta||||||||\u00a0\u00bb closed_toggle_font=\u00a0\u00bbAllerta||||||||\u00a0\u00bb body_font=\u00a0\u00bbAllerta||||||||\u00a0\u00bb global_colors_info=\u00a0\u00bb{}\u00a0\u00bb][et_pb_accordion_item title=\u00a0\u00bbNotre mission\u00a0\u00bb open=\u00a0\u00bbon\u00a0\u00bb _builder_version=\u00a0\u00bb4.16&Prime; _module_preset=\u00a0\u00bbdefault\u00a0\u00bb global_colors_info=\u00a0\u00bb{}\u00a0\u00bb]<\/p>\n<p><span style=\"font-size: large;\">Awaken children's curiosity, help them grow and flourish every day in contact with educators. Discover a language, a culture and make children actors in a better world!<\/span><\/p>\n<p>[\/et_pb_accordion_item][et_pb_accordion_item title=\u00a0\u00bbNos valeurs\u00a0\u00bb _builder_version=\u00a0\u00bb4.16&Prime; _module_preset=\u00a0\u00bbdefault\u00a0\u00bb global_colors_info=\u00a0\u00bb{}\u00a0\u00bb open=\u00a0\u00bboff\u00a0\u00bb]<\/p>\n<p><span style=\"font-size: large;\">Listening to ... the needs of each child<\/span><\/p>\n<p><span style=\"font-size: large;\">Encourage ... exploration, free choice and effort<\/span><\/p>\n<p><span style=\"font-size: large;\">Develop ... curiosity and self-confidence<\/span><\/p>\n<p>[\/et_pb_accordion_item][\/et_pb_accordion][\/et_pb_column][\/et_pb_row][et_pb_row _builder_version=\u00a0\u00bb4.16&Prime; _module_preset=\u00a0\u00bbdefault\u00a0\u00bb global_colors_info=\u00a0\u00bb{}\u00a0\u00bb][et_pb_column type=\u00a0\u00bb4_4&Prime; _builder_version=\u00a0\u00bb4.16&Prime; _module_preset=\u00a0\u00bbdefault\u00a0\u00bb global_colors_info=\u00a0\u00bb{}\u00a0\u00bb][et_pb_text _builder_version=\u00a0\u00bb4.16&Prime; _module_preset=\u00a0\u00bbdefault\u00a0\u00bb text_font_size=\u00a0\u00bb9px\u00a0\u00bb text_orientation=\u00a0\u00bbcenter\u00a0\u00bb custom_padding=\u00a0\u00bb0px|||||\u00a0\u00bb global_colors_info=\u00a0\u00bb{}\u00a0\u00bb]<\/p>\n<h2><span style=\"color: #273578;\"><strong>The pillars of the pedagogy implemented in our school<\/strong><\/span><\/h2>\n<p>[\/et_pb_text][\/et_pb_column][\/et_pb_row][et_pb_row column_structure=\u00a0\u00bb1_3,2_3&Prime; _builder_version=\u00a0\u00bb4.16&Prime; _module_preset=\u00a0\u00bbdefault\u00a0\u00bb global_colors_info=\u00a0\u00bb{}\u00a0\u00bb][et_pb_column type=\u00a0\u00bb1_3&Prime; _builder_version=\u00a0\u00bb4.16&Prime; _module_preset=\u00a0\u00bbdefault\u00a0\u00bb global_colors_info=\u00a0\u00bb{}\u00a0\u00bb][et_pb_image src=\u00a0\u00bbhttps:\/\/junioracademy.fr\/wp-content\/uploads\/2020\/12\/pedagogique.png\u00a0\u00bb title_text=\u00a0\u00bbpedagogique\u00a0\u00bb _builder_version=\u00a0\u00bb4.16&Prime; _module_preset=\u00a0\u00bbdefault\u00a0\u00bb global_colors_info=\u00a0\u00bb{}\u00a0\u00bb][\/et_pb_image][\/et_pb_column][et_pb_column type=\u00a0\u00bb2_3&Prime; _builder_version=\u00a0\u00bb4.16&Prime; _module_preset=\u00a0\u00bbdefault\u00a0\u00bb global_colors_info=\u00a0\u00bb{}\u00a0\u00bb][et_pb_text _builder_version=\u00a0\u00bb4.16&Prime; _module_preset=\u00a0\u00bbdefault\u00a0\u00bb custom_padding=\u00a0\u00bb||4px|||\u00a0\u00bb inline_fonts=\u00a0\u00bbAllerta\u00a0\u00bb global_colors_info=\u00a0\u00bb{}\u00a0\u00bb]<\/p>\n<h1><span style=\"font-size: large; color: #f9b937; font-family: Allerta;\"><strong><span lang=\"fr\">Montessori pedagogy in practice<\/span><\/strong><\/span><\/h1>\n<p><strong><span style=\"color: #0c71c3;\"><\/span><\/strong><\/p>\n<p style=\"text-align: left;\"><span style=\"font-family: Allerta;\"><strong><span style=\"color: #0c71c3;\"><\/span><\/strong><\/span><\/p>\n<p style=\"text-align: left;\"><span style=\"font-family: Allerta;\"><span lang=\"fr\" style=\"font-size: large;\">A pedagogy that promotes the natural development of the child by allowing him to progress at his own pace.<\/span><span style=\"font-size: large;\"><\/span><\/span><br \/><span style=\"font-size: large; font-family: Allerta;\"> The class prepared for children aged 3 to 6 is called the \u201cChildren's House\u201d. The environment is designed for the child. Children are welcomed in a group of 26 maximum supervised by an educator and an assistant trained in Montessorian pedagogy<\/span><\/p>\n<p>[\/et_pb_text][\/et_pb_column][\/et_pb_row][et_pb_row _builder_version=\u00a0\u00bb4.16&Prime; _module_preset=\u00a0\u00bbdefault\u00a0\u00bb global_colors_info=\u00a0\u00bb{}\u00a0\u00bb][et_pb_column type=\u00a0\u00bb4_4&Prime; _builder_version=\u00a0\u00bb4.16&Prime; _module_preset=\u00a0\u00bbdefault\u00a0\u00bb global_colors_info=\u00a0\u00bb{}\u00a0\u00bb][et_pb_accordion open_toggle_text_color=\u00a0\u00bb#f4a2a2&Prime; _builder_version=\u00a0\u00bb4.16&Prime; _module_preset=\u00a0\u00bbdefault\u00a0\u00bb toggle_text_color=\u00a0\u00bb#f4a2a2&Prime; toggle_level=\u00a0\u00bbh3&Prime; toggle_font=\u00a0\u00bbAllerta||||||||\u00a0\u00bb closed_toggle_font=\u00a0\u00bbAllerta||||||||\u00a0\u00bb body_font=\u00a0\u00bbAllerta||||||||\u00a0\u00bb global_colors_info=\u00a0\u00bb{}\u00a0\u00bb][et_pb_accordion_item title=\u00a0\u00bbLes objectifs de la \u00ab Maison des enfants \u00bb \u00a0\u00bb open=\u00a0\u00bbon\u00a0\u00bb _builder_version=\u00a0\u00bb4.16&Prime; _module_preset=\u00a0\u00bbdefault\u00a0\u00bb global_colors_info=\u00a0\u00bb{}\u00a0\u00bb toggle_text_color=\u00a0\u00bb#f4a2a2&Prime;]<\/p>\n<ul>\n<li><span style=\"font-size: large;\">Refine movement and sensory perceptions<\/span><\/li>\n<li><span style=\"font-size: large;\">Develop logical, mathematical thinking<\/span><\/li>\n<li><span style=\"font-size: large;\">Prepare for writing and reading<\/span><\/li>\n<li><span style=\"font-size: large;\">Develop intelligence and the ability to adapt through the appropriation of concepts<\/span><\/li>\n<li><span style=\"font-size: large;\">Build self-confidence and self-esteem<\/span><\/li>\n<\/ul>\n<p>[\/et_pb_accordion_item][et_pb_accordion_item title=\u00a0\u00bbLes caract\u00e9ristiques de la \u00ab Maison des enfants \u00bb\u00a0\u00bb _builder_version=\u00a0\u00bb4.16&Prime; _module_preset=\u00a0\u00bbdefault\u00a0\u00bb global_colors_info=\u00a0\u00bb{}\u00a0\u00bb open=\u00a0\u00bboff\u00a0\u00bb]<\/p>\n<ul>\n<li><span style=\"font-size: large;\">The class, called \"ambiance\" is <strong>multi-age<\/strong>, bringing together children from 3 to 6 years old. The environment is thus conducive to exchanges, experiences and mutual aid.<\/span><\/li>\n<li><span style=\"font-size: large;\">The <strong>mat\u00e9riel p\u00e9dagogique<\/strong>\u00a0is complete: it supports the development of the child and is self-correcting: it allows immediate error control. Developing concentration, through the use of the materials, will help children control their emotions and distractions and stay focused on their work.<\/span><\/li>\n<li><span style=\"font-size: large;\">The <strong>Meeting times<\/strong> sont pr\u00e9vus quotidiennement\u00a0: comptines, lectures, musique, sayn\u00e8tes de courtoisie etc<\/span><\/li>\n<li><span style=\"font-size: large;\">The <strong>presentations of the material and the educational follow-up are individual<\/strong>The progression is clear and <strong>respects the national education program<\/strong><\/span><\/li>\n<\/ul>\n<p>[\/et_pb_accordion_item][\/et_pb_accordion][et_pb_accordion open_toggle_text_color=\u00a0\u00bb#f4a2a2&Prime; _builder_version=\u00a0\u00bb4.23.1&Prime; _module_preset=\u00a0\u00bbdefault\u00a0\u00bb toggle_text_color=\u00a0\u00bb#f4a2a2&Prime; toggle_level=\u00a0\u00bbh3&Prime; toggle_font=\u00a0\u00bbAllerta||||||||\u00a0\u00bb closed_toggle_font=\u00a0\u00bbAllerta||||||||\u00a0\u00bb body_font=\u00a0\u00bbAllerta||||||||\u00a0\u00bb hover_enabled=\u00a0\u00bb0&Prime; global_colors_info=\u00a0\u00bb{}\u00a0\u00bb sticky_enabled=\u00a0\u00bb0&Prime;][et_pb_accordion_item title=\u00a0\u00bbLa classe 6\u201312 ans, appel\u00e9e \u00ab Communaut\u00e9 des explorateurs \u00bb\u00a0\u00bb open=\u00a0\u00bboff\u00a0\u00bb _builder_version=\u00a0\u00bb4.16&Prime; _module_preset=\u00a0\u00bbdefault\u00a0\u00bb global_colors_info=\u00a0\u00bb{}\u00a0\u00bb toggle_text_color=\u00a0\u00bb#f4a2a2&Prime;]<\/p>\n<ul>\n<li>\n<h4><strong><span style=\"color: #424242; font-size: large;\">L\u2019environnement favorise l\u2019autonomie, la coop\u00e9ration et l\u2019approfondissement des connaissances \u00e0 travers des projets interdisciplinaires et une p\u00e9dagogie active.<\/span><\/strong><\/h4>\n<p><strong><span style=\"color: #424242; font-size: large;\"><\/span><\/strong><\/li>\n<\/ul>\n<p><span style=\"font-size: x-large; color: #424242;\"><\/span><\/p>\n<p><span style=\"font-size: x-large; color: #424242;\"><\/span><\/p>\n<p><span style=\"font-size: x-large; color: #424242;\">Autonomie, exigence et immersion quotidienne en anglais<\/span><\/p>\n<h4 data-start=\"231\" data-end=\"404\"><span style=\"color: #424242;\">Notre classe \u00e9l\u00e9mentaire Montessori accueille les enfants de 6 \u00e0 12 ans dans un environnement bilingue structur\u00e9, exigeant et profond\u00e9ment respectueux de leur d\u00e9veloppement.<\/span><\/h4>\n<h4 data-start=\"406\" data-end=\"575\"><span style=\"color: #424242;\">\u00c0 cet \u00e2ge, l\u2019enfant devient un <strong data-start=\"437\" data-end=\"458\">esprit raisonnant<\/strong> : il cherche \u00e0 comprendre le monde, \u00e0 relier les connaissances, \u00e0 d\u00e9velopper son sens moral et sa pens\u00e9e critique.<\/span><\/h4>\n<p><span style=\"color: #424242;\"><\/span><\/p>\n<h4 data-start=\"577\" data-end=\"616\"><span style=\"text-decoration: underline;\"><span style=\"color: #424242; text-decoration: underline;\"><\/span><\/span><\/h4>\n<h4 data-start=\"577\" data-end=\"616\"><span style=\"text-decoration: underline;\"><span style=\"color: #424242; text-decoration: underline;\"><\/span><\/span><\/h4>\n<h4 data-start=\"577\" data-end=\"616\"><span style=\"text-decoration: underline;\"><span style=\"color: #424242; text-decoration: underline;\"><\/span><\/span><\/h4>\n<h4 data-start=\"577\" data-end=\"616\"><span style=\"text-decoration: underline;\"><span style=\"color: #424242; text-decoration: underline;\">Notre p\u00e9dagogie Montessori repose sur :<\/span><\/span><\/h4>\n<ul data-start=\"618\" data-end=\"805\">\n<li data-start=\"618\" data-end=\"653\">\n<h4 data-start=\"620\" data-end=\"653\"><span style=\"color: #424242;\">un plan de travail individualis\u00e9,<\/span><\/h4>\n<\/li>\n<li data-start=\"654\" data-end=\"702\">\n<h4 data-start=\"656\" data-end=\"702\"><span style=\"color: #424242;\">une progression du concret vers l\u2019abstraction,<\/span><\/h4>\n<\/li>\n<li data-start=\"703\" data-end=\"737\">\n<h4 data-start=\"705\" data-end=\"737\"><span style=\"color: #424242;\">une approche interdisciplinaire,<\/span><\/h4>\n<\/li>\n<li data-start=\"738\" data-end=\"805\">\n<h4 data-start=\"740\" data-end=\"805\"><span style=\"color: #424242;\">une classe multi-\u00e2ges favorisant l\u2019entraide et la responsabilit\u00e9.<\/span><\/h4>\n<\/li>\n<\/ul>\n<h4 data-start=\"807\" data-end=\"869\"><span style=\"color: #424242;\">Le programme de l\u2019\u00c9ducation nationale est pleinement respect\u00e9.<\/span><\/h4>\n<h2 data-start=\"876\" data-end=\"907\"><\/h2>\n<h4 data-start=\"909\" data-end=\"996\"><span style=\"color: #424242;\">Dans notre \u00e9cole, l<strong>\u2019anglais<\/strong> n\u2019est pas \u00ab\u00a0enseign\u00e9\u00a0\u00bb : il est <strong data-start=\"975\" data-end=\"995\">v\u00e9cu chaque jour<\/strong>.<\/span><\/h4>\n<h4 data-start=\"998\" data-end=\"1145\"><\/h4>\n<h4 data-start=\"998\" data-end=\"1145\"><span style=\"color: #424242;\">Notre assistante anglophone accompagne les \u00e9l\u00e8ves dans les diff\u00e9rentes mati\u00e8res et les moments de vie de classe.<\/span><\/h4>\n<h4 data-start=\"998\" data-end=\"1145\"><\/h4>\n<h4 data-start=\"998\" data-end=\"1145\"><span style=\"color: #424242;\">Cette immersion naturelle permet :<\/span><\/h4>\n<ul data-start=\"1147\" data-end=\"1278\">\n<li data-start=\"1147\" data-end=\"1193\">\n<h4 data-start=\"1149\" data-end=\"1193\"><span style=\"color: #424242;\">un enrichissement progressif du vocabulaire,<\/span><\/h4>\n<\/li>\n<li data-start=\"1194\" data-end=\"1245\">\n<h4 data-start=\"1196\" data-end=\"1245\"><span style=\"color: #424242;\">l\u2019acquisition de structures de phrases correctes,<\/span><\/h4>\n<\/li>\n<li data-start=\"1246\" data-end=\"1278\">\n<h4 data-start=\"1248\" data-end=\"1278\"><span style=\"color: #424242;\">une aisance orale authentique.<\/span><\/h4>\n<\/li>\n<\/ul>\n<h4 data-start=\"1280\" data-end=\"1420\"><span style=\"color: #424242;\">Les \u00e9l\u00e8ves les plus \u00e0 l\u2019aise acc\u00e8dent progressivement \u00e0 la <strong data-start=\"1339\" data-end=\"1361\">lecture en anglais<\/strong>, d\u00e9couvrant ainsi le plaisir de la litt\u00e9rature anglophone.<\/span><\/h4>\n<h2 data-start=\"1427\" data-end=\"1468\"><\/h2>\n<h2 data-start=\"1427\" data-end=\"1468\"><\/h2>\n<h2 data-start=\"1427\" data-end=\"1468\"><span style=\"color: #424242;\">Former des enfants pr\u00eats pour l\u2019avenir<\/span><\/h2>\n<h4 data-start=\"1470\" data-end=\"1524\"><span style=\"color: #424242;\">Nous accompagnons les enfants pour qu\u2019ils deviennent :<\/span><\/h4>\n<ul data-start=\"1526\" data-end=\"1608\">\n<li data-start=\"1526\" data-end=\"1538\">\n<h4 data-start=\"1528\" data-end=\"1538\"><span style=\"color: #424242;\">autonomes,<\/span><\/h4>\n<\/li>\n<li data-start=\"1539\" data-end=\"1554\">\n<h4 data-start=\"1541\" data-end=\"1554\"><span style=\"color: #424242;\">responsables,<\/span><\/h4>\n<\/li>\n<li data-start=\"1555\" data-end=\"1565\">\n<h4 data-start=\"1557\" data-end=\"1565\"><span style=\"color: #424242;\">curieux,<\/span><\/h4>\n<\/li>\n<li data-start=\"1566\" data-end=\"1608\">\n<h4 data-start=\"1568\" data-end=\"1608\"><span style=\"color: #424242;\">capables de coop\u00e9ration et d\u2019adaptation.<\/span><\/h4>\n<\/li>\n<\/ul>\n<h4 data-start=\"1610\" data-end=\"1706\"><span style=\"color: #424242;\">L\u2019\u00e9cole Montessori 6\u201312 ne pr\u00e9pare pas seulement \u00e0 la r\u00e9ussite scolaire : elle pr\u00e9pare \u00e0 la vie.<\/span><\/h4>\n<p><span style=\"color: rgba(86, 86, 86, 0.93);\"><\/span><\/p>\n<p><span style=\"color: rgba(86, 86, 86, 0.93);\"><\/span><\/p>\n<p>[\/et_pb_accordion_item][\/et_pb_accordion][\/et_pb_column][\/et_pb_row][et_pb_row column_structure=\u00a0\u00bb2_3,1_3&Prime; _builder_version=\u00a0\u00bb4.16&Prime; _module_preset=\u00a0\u00bbdefault\u00a0\u00bb global_colors_info=\u00a0\u00bb{}\u00a0\u00bb][et_pb_column type=\u00a0\u00bb2_3&Prime; _builder_version=\u00a0\u00bb4.16&Prime; _module_preset=\u00a0\u00bbdefault\u00a0\u00bb global_colors_info=\u00a0\u00bb{}\u00a0\u00bb][et_pb_text _builder_version=\u00a0\u00bb4.16&Prime; _module_preset=\u00a0\u00bbdefault\u00a0\u00bb inline_fonts=\u00a0\u00bbAllerta\u00a0\u00bb global_colors_info=\u00a0\u00bb{}\u00a0\u00bb]<\/p>\n<h2><span style=\"color: #273578;\"><strong>Bilingualism<\/strong><\/span><\/h2>\n<p><strong><span style=\"color: #0c71c3;\"><\/span><\/strong><\/p>\n<p><strong><span style=\"color: #0c71c3;\"><\/span><\/strong><\/p>\n<p style=\"text-align: left;\"><span style=\"font-size: large; font-family: Allerta; font-weight: normal;\">Openness to the world is essential these days. In order to best prepare the adults of tomorrow, offering the learning of English as a second language seems essential to the development of each child. Montessori pedagogy is an international pedagogy, recognized in the world.<\/span><\/p>\n<p style=\"text-align: left;\"><span lang=\"fr\" style=\"font-size: large; font-family: Allerta; font-weight: normal;\">Our teaching method is immersive with an English-speaking educator to learn English in a natural and effortless way.<\/span><\/p>\n<p style=\"text-align: left;\"><span size=\"4\" style=\"font-size: large; font-family: Allerta; font-weight: normal;\">***<\/span><\/p>\n<p style=\"text-align: left;\"><span style=\"font-family: Allerta; font-weight: normal;\">Furthermore, did you know that learning a second language from an early age promotes the development of executive functions?<\/span><\/p>\n<p><span style=\"font-family: Allerta; font-weight: normal;\"><a href=\"https:\/\/lepetitjournal.com\/bangkok\/le-plurilinguisme-precoce-favorise-le-developpement-de-lintelligence-256680?fbclid=IwAR2c9J8H0bHReho9A9FB5qu_ODv6kqrSNxiqJ3_Wppau0VaiUERQBdRs4aY\">https:\/\/lepetitjournal.com\/&#8230;\/le-plurilinguisme-precoce&#8230;<\/a><\/span><\/p>\n<p>[\/et_pb_text][\/et_pb_column][et_pb_column type=\u00a0\u00bb1_3&Prime; _builder_version=\u00a0\u00bb4.16&Prime; _module_preset=\u00a0\u00bbdefault\u00a0\u00bb global_colors_info=\u00a0\u00bb{}\u00a0\u00bb][et_pb_image src=\u00a0\u00bbhttps:\/\/junioracademy.fr\/wp-content\/uploads\/2020\/12\/biligue.png\u00a0\u00bb title_text=\u00a0\u00bbbiligue\u00a0\u00bb _builder_version=\u00a0\u00bb4.16&Prime; _module_preset=\u00a0\u00bbdefault\u00a0\u00bb custom_padding=\u00a0\u00bb||0px|||\u00a0\u00bb global_colors_info=\u00a0\u00bb{}\u00a0\u00bb][\/et_pb_image][\/et_pb_column][\/et_pb_row][et_pb_row column_structure=\u00a0\u00bb1_3,2_3&Prime; _builder_version=\u00a0\u00bb4.16&Prime; _module_preset=\u00a0\u00bbdefault\u00a0\u00bb global_colors_info=\u00a0\u00bb{}\u00a0\u00bb][et_pb_column type=\u00a0\u00bb1_3&Prime; _builder_version=\u00a0\u00bb4.16&Prime; _module_preset=\u00a0\u00bbdefault\u00a0\u00bb global_colors_info=\u00a0\u00bb{}\u00a0\u00bb][et_pb_image src=\u00a0\u00bbhttps:\/\/junioracademy.fr\/wp-content\/uploads\/2020\/12\/Prof_Maria_Montessori-2.jpg\u00a0\u00bb title_text=\u00a0\u00bbProf_Maria_Montessori\u00a0\u00bb _builder_version=\u00a0\u00bb4.16&Prime; _module_preset=\u00a0\u00bbdefault\u00a0\u00bb global_colors_info=\u00a0\u00bb{}\u00a0\u00bb][\/et_pb_image][\/et_pb_column][et_pb_column type=\u00a0\u00bb2_3&Prime; _builder_version=\u00a0\u00bb4.16&Prime; _module_preset=\u00a0\u00bbdefault\u00a0\u00bb global_colors_info=\u00a0\u00bb{}\u00a0\u00bb][et_pb_text _builder_version=\u00a0\u00bb4.16&Prime; _module_preset=\u00a0\u00bbdefault\u00a0\u00bb inline_fonts=\u00a0\u00bbAllerta\u00a0\u00bb global_colors_info=\u00a0\u00bb{}\u00a0\u00bb]<\/p>\n<h2><span style=\"color: #273578;\"><strong><span lang=\"fr\">About Maria Montessori<\/span><\/strong><\/span><\/h2>\n<p><span style=\"color: #0c71c3;\"><strong><span lang=\"fr\"><\/span><\/strong><\/span><\/p>\n<p><span style=\"font-family: Allerta; font-weight: normal; font-size: large; color: #666666;\">Maria Montessori (1870-1952), Italian physician, was one of the first pedagogues to conceive of a science of education.<\/span><\/p>\n<p><span style=\"font-family: Allerta; font-weight: normal; font-size: large; color: #666666;\">She develops her pedagogy throughout her life, evolving according to her training, travels, encounters, but above all her observations of children and her understanding.<\/span><\/p>\n<p><span style=\"font-family: Allerta;\"><span style=\"font-size: large;\"><span style=\"color: #666666;\">El<\/span><\/span><span style=\"color: #666666; font-size: large;\">le travaille autour de la construction du rythme de la vie humaine, selon quatre plans de d\u00e9veloppement:<\/span><\/span><\/p>\n<p style=\"text-align: left;\"><span style=\"font-size: large; font-family: Allerta;\">- Early childhood from 0 to 6 years<\/span><br \/><span style=\"font-size: large; font-family: Allerta;\"> - Childhood from 6 to 12 years old<\/span><br \/><span style=\"font-size: large; font-family: Allerta;\"> - The teenager from 12 to 18 years old<\/span><br \/><span style=\"font-size: large; font-family: Allerta;\"> - The maturity of 18 to 24 years<\/span><\/p>\n<p style=\"text-align: left;\">\n<p style=\"text-align: left;\"><span style=\"font-size: large; font-family: Allerta;\">For Maria Montessori,\u00a0<span lang=\"fr\">l&rsquo;\u00e9ducation doit \u00eatre mise en \u0153uvre comme \u00abune aide \u00e0 la vie\u00bb. Elle soutient le\u00a0<\/span><span lang=\"fr\">d\u00e9veloppement de l&rsquo;enfant afin qu&rsquo;il r\u00e9v\u00e8le son \u00abpotentiel humain\u00bb.\u00a0<\/span><span lang=\"fr\">For her, the education of a child determines the adult he will be tomorrow and this education can only be provided by an adult who knows the development of the child.<\/span><\/span><\/p>\n<p>[\/et_pb_text][\/et_pb_column][\/et_pb_row][\/et_pb_section]<\/p>","protected":false},"excerpt":{"rendered":"<p>Bienvenue \u00e0 la Junior Academy! Notre vision, mission et nos valeurs La Junior Academy est la r\u00e9f\u00e9rence internationale dans le champ des \u00e9coles alternatives. Une \u00e9cole ouverte \u00e0 la diversit\u00e9 et qui favorise l\u2019apprentissage des langues \u00e9trang\u00e8res d\u00e8s le plus jeune \u00e2ge. C&rsquo;est un lieu chaleureux, une continuit\u00e9 du cocon familial o\u00f9 il fait bon [&hellip;]<\/p>","protected":false},"author":1,"featured_media":0,"parent":0,"menu_order":1,"comment_status":"closed","ping_status":"closed","template":"","meta":{"_et_pb_use_builder":"on","_et_pb_old_content":"","_et_gb_content_width":""},"_links":{"self":[{"href":"https:\/\/junioracademy.fr\/en\/wp-json\/wp\/v2\/pages\/452"}],"collection":[{"href":"https:\/\/junioracademy.fr\/en\/wp-json\/wp\/v2\/pages"}],"about":[{"href":"https:\/\/junioracademy.fr\/en\/wp-json\/wp\/v2\/types\/page"}],"author":[{"embeddable":true,"href":"https:\/\/junioracademy.fr\/en\/wp-json\/wp\/v2\/users\/1"}],"replies":[{"embeddable":true,"href":"https:\/\/junioracademy.fr\/en\/wp-json\/wp\/v2\/comments?post=452"}],"version-history":[{"count":57,"href":"https:\/\/junioracademy.fr\/en\/wp-json\/wp\/v2\/pages\/452\/revisions"}],"predecessor-version":[{"id":1576,"href":"https:\/\/junioracademy.fr\/en\/wp-json\/wp\/v2\/pages\/452\/revisions\/1576"}],"wp:attachment":[{"href":"https:\/\/junioracademy.fr\/en\/wp-json\/wp\/v2\/media?parent=452"}],"curies":[{"name":"wp","href":"https:\/\/api.w.org\/{rel}","templated":true}]}}